{"id":107,"date":"2010-12-19T14:28:39","date_gmt":"2010-12-19T13:28:39","guid":{"rendered":"http:\/\/tbif.se\/?page_id=107"},"modified":"2020-05-05T20:28:13","modified_gmt":"2020-05-05T18:28:13","slug":"om-tbif","status":"publish","type":"page","link":"https:\/\/hemsida.tbif.se\/?page_id=107","title":{"rendered":"Om TBIF"},"content":{"rendered":"<h2 style=\"text-align: center;\"><span style=\"color: #000000;\">Tors\u00f6 Bygdeg\u00e5rds &amp; Idrottsf\u00f6rening (TBIF)<\/span><\/h2>\n<p style=\"text-align: left;\"><span style=\"color: #000000;\"><br \/>\nTors\u00f6 IF som bildades 1934 och Tors\u00f6 bygdeg\u00e5rdsf\u00f6rening som bildades 1949 slogs samman till Tors\u00f6 Bygdeg\u00e5rds &amp; idrottsf\u00f6rening \u00e5r 1991. Tors\u00f6 BIF:s anl\u00e4ggning, som ligger vid F\u00e5gel\u00f6viken p\u00e5 Tors\u00f6, best\u00e5r av Tors\u00f6 Bygdeg\u00e5rd,\u00a0camping och stuguthyrning, fotbollsplan\u00a0och en tennisbana.Tors\u00f6 BIF har en bred verksamhet och erbjuder aktiviteter och trivseltr\u00e4ffar f\u00f6r s\u00e5v\u00e4l vuxna som barn.<\/span><\/p>\n","protected":false},"excerpt":{"rendered":"<p>Tors\u00f6 Bygdeg\u00e5rds &amp; Idrottsf\u00f6rening (TBIF) Tors\u00f6 IF som bildades 1934 och Tors\u00f6 bygdeg\u00e5rdsf\u00f6rening som bildades 1949 slogs samman till Tors\u00f6 Bygdeg\u00e5rds &amp; idrottsf\u00f6rening \u00e5r 1991. Tors\u00f6 BIF:s anl\u00e4ggning, som ligger vid F\u00e5gel\u00f6viken p\u00e5 Tors\u00f6, best\u00e5r av Tors\u00f6 Bygdeg\u00e5rd,\u00a0camping och stuguthyrning, &hellip; <a href=\"https:\/\/hemsida.tbif.se\/?page_id=107\">Forts\u00e4tt l\u00e4sa <span class=\"meta-nav\">&rarr;<\/span><\/a><\/p>\n","protected":false},"author":1,"featured_media":0,"parent":0,"menu_order":110,"comment_status":"closed","ping_status":"closed","template":"onecolumn-page.php","meta":{"footnotes":""},"_links":{"self":[{"href":"https:\/\/hemsida.tbif.se\/index.php?rest_route=\/wp\/v2\/pages\/107"}],"collection":[{"href":"https:\/\/hemsida.tbif.se\/index.php?rest_route=\/wp\/v2\/pages"}],"about":[{"href":"https:\/\/hemsida.tbif.se\/index.php?rest_route=\/wp\/v2\/types\/page"}],"author":[{"embeddable":true,"href":"https:\/\/hemsida.tbif.se\/index.php?rest_route=\/wp\/v2\/users\/1"}],"replies":[{"embeddable":true,"href":"https:\/\/hemsida.tbif.se\/index.php?rest_route=%2Fwp%2Fv2%2Fcomments&post=107"}],"version-history":[{"count":26,"href":"https:\/\/hemsida.tbif.se\/index.php?rest_route=\/wp\/v2\/pages\/107\/revisions"}],"predecessor-version":[{"id":1841,"href":"https:\/\/hemsida.tbif.se\/index.php?rest_route=\/wp\/v2\/pages\/107\/revisions\/1841"}],"wp:attachment":[{"href":"https:\/\/hemsida.tbif.se\/index.php?rest_route=%2Fwp%2Fv2%2Fmedia&parent=107"}],"curies":[{"name":"wp","href":"https:\/\/api.w.org\/{rel}","templated":true}]}}