{"id":1175,"date":"2014-10-26T23:32:45","date_gmt":"2014-10-26T22:32:45","guid":{"rendered":"http:\/\/tbif.se\/?page_id=1175"},"modified":"2024-04-25T16:13:09","modified_gmt":"2024-04-25T14:13:09","slug":"gymmet","status":"publish","type":"page","link":"https:\/\/hemsida.tbif.se\/?page_id=1175","title":{"rendered":"Gymmet"},"content":{"rendered":"<p>Du som \u00e4r medlem i Tors\u00f6 Bygdeg\u00e5rds och idrottsf\u00f6rening har tillg\u00e5ng till det gym som finns i k\u00e4llaren p\u00e5 Tors\u00f6 Bygdeg\u00e5rd. D\u00e4r finns b\u00e5de motions- och styrkeredskap att tillg\u00e5.<\/p>\r\n\r\n<figure><a href=\"http:\/\/media.tbif.se\/2022\/02\/BG-gym-21-scaled.jpg\"><img fetchpriority=\"high\" decoding=\"async\" class=\"\" src=\"http:\/\/media.tbif.se\/2022\/02\/BG-gym-21-768x1024.jpg\" alt=\"\" width=\"447\" height=\"596\" \/><\/a><\/figure>\r\n","protected":false},"excerpt":{"rendered":"<p>Du som \u00e4r medlem i Tors\u00f6 Bygdeg\u00e5rds och idrottsf\u00f6rening har tillg\u00e5ng till det gym som finns i k\u00e4llaren p\u00e5 Tors\u00f6 Bygdeg\u00e5rd. D\u00e4r finns b\u00e5de motions- och styrkeredskap att tillg\u00e5.<\/p>\n","protected":false},"author":1,"featured_media":0,"parent":657,"menu_order":40,"comment_status":"closed","ping_status":"open","template":"","meta":{"footnotes":""},"_links":{"self":[{"href":"https:\/\/hemsida.tbif.se\/index.php?rest_route=\/wp\/v2\/pages\/1175"}],"collection":[{"href":"https:\/\/hemsida.tbif.se\/index.php?rest_route=\/wp\/v2\/pages"}],"about":[{"href":"https:\/\/hemsida.tbif.se\/index.php?rest_route=\/wp\/v2\/types\/page"}],"author":[{"embeddable":true,"href":"https:\/\/hemsida.tbif.se\/index.php?rest_route=\/wp\/v2\/users\/1"}],"replies":[{"embeddable":true,"href":"https:\/\/hemsida.tbif.se\/index.php?rest_route=%2Fwp%2Fv2%2Fcomments&post=1175"}],"version-history":[{"count":10,"href":"https:\/\/hemsida.tbif.se\/index.php?rest_route=\/wp\/v2\/pages\/1175\/revisions"}],"predecessor-version":[{"id":3236,"href":"https:\/\/hemsida.tbif.se\/index.php?rest_route=\/wp\/v2\/pages\/1175\/revisions\/3236"}],"up":[{"embeddable":true,"href":"https:\/\/hemsida.tbif.se\/index.php?rest_route=\/wp\/v2\/pages\/657"}],"wp:attachment":[{"href":"https:\/\/hemsida.tbif.se\/index.php?rest_route=%2Fwp%2Fv2%2Fmedia&parent=1175"}],"curies":[{"name":"wp","href":"https:\/\/api.w.org\/{rel}","templated":true}]}}