{"id":1242,"date":"2015-03-20T23:37:56","date_gmt":"2015-03-20T22:37:56","guid":{"rendered":"http:\/\/tbif.se\/?page_id=1242"},"modified":"2025-05-12T19:45:21","modified_gmt":"2025-05-12T17:45:21","slug":"landslagets-fotbollsskola","status":"publish","type":"page","link":"https:\/\/hemsida.tbif.se\/?page_id=1242","title":{"rendered":"Fotbollsl\u00e4ger &#8211; sommar"},"content":{"rendered":"\r\n<p><strong>Om Nu \u00e4r det dags f\u00f6r 2025 \u00e5rs upplaga av succ\u00e9n\u00a0Sommarfotboll hos Tors\u00f6 BIF p\u00e5 vackra Strandvallen. Mellan den 16 &#8211; 18 juni bjuder vi in barn och ungdomar till tre dagar fyllt med fotboll, lek och skoj i fantastisk milj\u00f6 som ni sent kommer att gl\u00f6mma.\u00a0<\/strong><\/p>\r\n<p><strong>Stort intresse \u00e4ven i \u00e5r s\u00e5 nu \u00e4r anm\u00e4lan full. V\u00e4lkommen tillbaka n\u00e4sta \u00e5r.<\/strong><\/p>\r\n<p>Alla f\u00f6dda 2011-2016 kan nu anm\u00e4la sig till sommarens h\u00f6jdpunkt och det popul\u00e4ra fotbollsl\u00e4gret. V\u00e4lkomna!\u00a0<\/p>\r\n<p>\r\n\r\n\r\n\r\n\r\n\r\n\r\n\r\n<\/p>\r\n<p class=\"has-text-align-left\">Tre roliga dagar, fyllda med fotboll och nya fotbollskompisar p\u00e5 natursk\u00f6na Strandvallen p\u00e5 Tors\u00f6. Varje \u00e5r arrangerar Tors\u00f6 BIF fotbollsskola.\u00a0 Vi genomf\u00f6r fotbollsskolan m\u00e5ndag &#8211; onsdag midsommarveckan. Du v\u00e4ljer sj\u00e4lv om du vill delta p\u00e5 l\u00e4gret med \u00f6vernattning eller bara p\u00e5 dagarna.<\/p>\r\n<p>\r\n\r\n<\/p>\r\n<p class=\"has-text-align-left\">Fyra timmars fotbollstr\u00e4ning varje dag, alltid med utbildade tr\u00e4nare. Lunch och mellanm\u00e5l serveras varje dag till alla deltagare. Alla deltagare f\u00e5r fotbollsskolans egen T-shirt och fotboll.<\/p>\r\n<p>\r\n\r\n<\/p>\r\n<p class=\"has-text-align-left\">F\u00f6r \u00f6vernattande l\u00e4gerg\u00e4ster erbjuder vi kv\u00e4llsaktiviteter s\u00e5som br\u00e4nnboll, bordtennis och andra aktiviteter. V\u00e4ljer du alternativet \u00f6vernattning, sover du p\u00e5 h\u00e5rt underlag i Bygdeg\u00e5rden d\u00e4r kv\u00e4llsmat och frukost serveras av \u00f6vernattande ledare. F\u00f6r f\u00f6r\u00e4ldrar som vill \u00f6vernatta finns stugor eller campingplats att hyra.<\/p>\r\n<p>\r\n\r\n<\/p>\r\n<ul>\r\n\r\n<\/ul>\r\n<p>\r\n\r\n<\/p>\r\n<p>Kontaktpersoner f\u00f6r Landslagets fotbollsskola \u00e4r Ludvig Erlandsson och Erik Nilsson.<\/p>\r\n<p>\r\n\r\n<\/p>\r\n<p>Fr\u00e5gor kan skickas till fotbollsskolan@tbif.se<\/p>\r\n<p>&nbsp;<\/p>\r\n\r\n\r\n","protected":false},"excerpt":{"rendered":"<p>Om Nu \u00e4r det dags f\u00f6r 2025 \u00e5rs upplaga av succ\u00e9n\u00a0Sommarfotboll hos Tors\u00f6 BIF p\u00e5 vackra Strandvallen. Mellan den 16 &#8211; 18 juni bjuder vi in barn och ungdomar till tre dagar fyllt med fotboll, lek och skoj i fantastisk &hellip; <a href=\"https:\/\/hemsida.tbif.se\/?page_id=1242\">Forts\u00e4tt l\u00e4sa <span class=\"meta-nav\">&rarr;<\/span><\/a><\/p>\n","protected":false},"author":1,"featured_media":0,"parent":0,"menu_order":45,"comment_status":"closed","ping_status":"open","template":"","meta":{"footnotes":""},"_links":{"self":[{"href":"https:\/\/hemsida.tbif.se\/index.php?rest_route=\/wp\/v2\/pages\/1242"}],"collection":[{"href":"https:\/\/hemsida.tbif.se\/index.php?rest_route=\/wp\/v2\/pages"}],"about":[{"href":"https:\/\/hemsida.tbif.se\/index.php?rest_route=\/wp\/v2\/types\/page"}],"author":[{"embeddable":true,"href":"https:\/\/hemsida.tbif.se\/index.php?rest_route=\/wp\/v2\/users\/1"}],"replies":[{"embeddable":true,"href":"https:\/\/hemsida.tbif.se\/index.php?rest_route=%2Fwp%2Fv2%2Fcomments&post=1242"}],"version-history":[{"count":32,"href":"https:\/\/hemsida.tbif.se\/index.php?rest_route=\/wp\/v2\/pages\/1242\/revisions"}],"predecessor-version":[{"id":3607,"href":"https:\/\/hemsida.tbif.se\/index.php?rest_route=\/wp\/v2\/pages\/1242\/revisions\/3607"}],"wp:attachment":[{"href":"https:\/\/hemsida.tbif.se\/index.php?rest_route=%2Fwp%2Fv2%2Fmedia&parent=1242"}],"curies":[{"name":"wp","href":"https:\/\/api.w.org\/{rel}","templated":true}]}}