{"id":1387,"date":"2015-06-11T11:44:16","date_gmt":"2015-06-11T09:44:16","guid":{"rendered":"http:\/\/tbif.se\/?page_id=1387"},"modified":"2024-12-10T13:07:15","modified_gmt":"2024-12-10T12:07:15","slug":"bli-medlem","status":"publish","type":"page","link":"https:\/\/hemsida.tbif.se\/?page_id=1387","title":{"rendered":"Bli medlem"},"content":{"rendered":"<p>Om du vill bli medlem s\u00e5 kostar det:<\/p>\n<ul>\n<li>familj 500 sek\/\u00e5r<\/li>\n<li>vuxen 250 sek\/\u00e5r<\/li>\n<li>ungdom under 18 \u00e5r 150 sek\/\u00e5r.<\/li>\n<\/ul>\n<p>Du betalar via:<\/p>\n<ul>\n<li>Bankgiro, 5040-1298<\/li>\n<li>Swish, 123 520 34 01<\/li>\n<\/ul>\n<p>Vid betalning ange namn och \u00e5lder f\u00f6r den\/de du betalar f\u00f6r alternativt skicka ett e-post till info@tbif.se med dessa uppgifter.<\/p>\n<p>Som medlem f\u00e5r du:<\/p>\n<ul>\n<li>delta i samtliga arrangemang som Tors\u00f6 BIF arrangerar<\/li>\n<li>gratis anv\u00e4nda dig av:\n<ul>\n<li>gymet<\/li>\n<li>tennisbanan<\/li>\n<li>kanot<\/li>\n<li>kajak<\/li>\n<\/ul>\n<\/li>\n<\/ul>\n<p>Men framf\u00f6rallt s\u00e5 st\u00f6djer du f\u00f6reningens verksamhet med din medlemsavgift!<\/p>\n","protected":false},"excerpt":{"rendered":"<p>Om du vill bli medlem s\u00e5 kostar det: familj 500 sek\/\u00e5r vuxen 250 sek\/\u00e5r ungdom under 18 \u00e5r 150 sek\/\u00e5r. Du betalar via: Bankgiro, 5040-1298 Swish, 123 520 34 01 Vid betalning ange namn och \u00e5lder f\u00f6r den\/de du betalar &hellip; <a href=\"https:\/\/hemsida.tbif.se\/?page_id=1387\">Forts\u00e4tt l\u00e4sa <span class=\"meta-nav\">&rarr;<\/span><\/a><\/p>\n","protected":false},"author":8,"featured_media":0,"parent":107,"menu_order":0,"comment_status":"closed","ping_status":"open","template":"","meta":{"footnotes":""},"_links":{"self":[{"href":"https:\/\/hemsida.tbif.se\/index.php?rest_route=\/wp\/v2\/pages\/1387"}],"collection":[{"href":"https:\/\/hemsida.tbif.se\/index.php?rest_route=\/wp\/v2\/pages"}],"about":[{"href":"https:\/\/hemsida.tbif.se\/index.php?rest_route=\/wp\/v2\/types\/page"}],"author":[{"embeddable":true,"href":"https:\/\/hemsida.tbif.se\/index.php?rest_route=\/wp\/v2\/users\/8"}],"replies":[{"embeddable":true,"href":"https:\/\/hemsida.tbif.se\/index.php?rest_route=%2Fwp%2Fv2%2Fcomments&post=1387"}],"version-history":[{"count":5,"href":"https:\/\/hemsida.tbif.se\/index.php?rest_route=\/wp\/v2\/pages\/1387\/revisions"}],"predecessor-version":[{"id":3547,"href":"https:\/\/hemsida.tbif.se\/index.php?rest_route=\/wp\/v2\/pages\/1387\/revisions\/3547"}],"up":[{"embeddable":true,"href":"https:\/\/hemsida.tbif.se\/index.php?rest_route=\/wp\/v2\/pages\/107"}],"wp:attachment":[{"href":"https:\/\/hemsida.tbif.se\/index.php?rest_route=%2Fwp%2Fv2%2Fmedia&parent=1387"}],"curies":[{"name":"wp","href":"https:\/\/api.w.org\/{rel}","templated":true}]}}