{"id":1769,"date":"2018-04-15T13:25:57","date_gmt":"2018-04-15T11:25:57","guid":{"rendered":"http:\/\/tbif.se\/?page_id=1769"},"modified":"2024-09-13T09:55:10","modified_gmt":"2024-09-13T07:55:10","slug":"prislista-2","status":"publish","type":"page","link":"https:\/\/hemsida.tbif.se\/?page_id=1769","title":{"rendered":"Prislista"},"content":{"rendered":"\r\n<figure>\r\n<table>\r\n<tbody>\r\n<tr>\r\n<td>\r\n<h2><strong>Prislista Tors\u00f6 BIF 2023<\/strong><\/h2>\r\n<\/td>\r\n<td><strong>\u00a0<\/strong><\/td>\r\n<\/tr>\r\n<tr>\r\n<td>\u00a0<\/td>\r\n<td><strong>\u00a0<\/strong><\/td>\r\n<\/tr>\r\n<tr>\r\n<td><strong>\u00a0<\/strong><\/td>\r\n<td><strong>\u00a0<\/strong><\/td>\r\n<\/tr>\r\n<tr>\r\n<td><strong>Bygdeg\u00e5rden<\/strong><\/td>\r\n<td><strong>Priser 2023<\/strong><\/td>\r\n<\/tr>\r\n<tr>\r\n<td>M\u00f6teshyra stora salen exkl. k\u00f6k<\/td>\r\n<td>500 kr<\/td>\r\n<\/tr>\r\n<tr>\r\n<td>M\u00f6teshyra stora salen inkl. k\u00f6k<\/td>\r\n<td>700 kr<\/td>\r\n<\/tr>\r\n<tr>\r\n<td>Hyra av AV-utrustning<\/td>\r\n<td>Ing\u00e5r i hyran<\/td>\r\n<\/tr>\r\n<tr>\r\n<td>Sammantr\u00e4desrum \u00f6verv\u00e5ning inkl. kanon<\/td>\r\n<td>350 kr<\/td>\r\n<\/tr>\r\n<tr>\r\n<td>Hyra av kanon<\/td>\r\n<td>Ing\u00e5r i hyran<\/td>\r\n<\/tr>\r\n<tr>\r\n<td>Festhyra<\/td>\r\n<td>3 000 kr<\/td>\r\n<\/tr>\r\n<tr>\r\n<td>Dukning dag f\u00f6re fest<\/td>\r\n<td>700 kr<\/td>\r\n<\/tr>\r\n<tr>\r\n<td>\r\n<p>K\u00f6p av st\u00e4dtj\u00e4nst (diskning ing\u00e5r ej,undanplockning och grovst\u00e4dning ska alltid g\u00f6ras av hyresg\u00e4sten))<\/p>\r\n<\/td>\r\n<td>3 000 kr<\/td>\r\n<\/tr>\r\n<tr>\r\n<td>\u00a0<\/td>\r\n<td>\u00a0<\/td>\r\n<\/tr>\r\n<tr>\r\n<td><strong>Bygdeg\u00e5rden k\u00e4llaren<\/strong><\/td>\r\n<td><strong>\u00a0<\/strong><\/td>\r\n<\/tr>\r\n<tr>\r\n<td>Hyra av ett omkl\u00e4dningsrum ink. dusch<\/td>\r\n<td>450 kr<\/td>\r\n<\/tr>\r\n<tr>\r\n<td>Hyra av tv\u00e5 omkl\u00e4dningsrum ink. dusch<\/td>\r\n<td>800 kr<\/td>\r\n<\/tr>\r\n<tr>\r\n<td>Tr\u00e4ningsaktivitet, gym inkl. dusch medlem<\/td>\r\n<td>Gratis<\/td>\r\n<\/tr>\r\n<tr>\r\n<td>Tr\u00e4ningsaktivitet, gym inkl. dusch ej medlem<\/td>\r\n<td>50 kr\/pers<\/td>\r\n<\/tr>\r\n<tr>\r\n<td>Bastu per person medlem<\/td>\r\n<td>10 kr<\/td>\r\n<\/tr>\r\n<tr>\r\n<td>Bastu per person ej medlem<\/td>\r\n<td>30 kr<\/td>\r\n<\/tr>\r\n<tr>\r\n<td>Dusch per person medlem efter tr\u00e4ning och\/eller enstaka g\u00e5nger<\/td>\r\n<td>Gratis<\/td>\r\n<\/tr>\r\n<tr>\r\n<td>Dusch per person ej medlem<\/td>\r\n<td>30 kr<\/td>\r\n<\/tr>\r\n<tr>\r\n<td>Hyra ungdomsrum f\u00f6r m\u00f6te<\/td>\r\n<td>200 kr<\/td>\r\n<\/tr>\r\n<tr>\r\n<td>\u00a0<\/td>\r\n<td>\u00a0<\/td>\r\n<\/tr>\r\n<tr>\r\n<td><strong>Aktiviteter planer<\/strong><\/td>\r\n<td><strong>\u00a0<\/strong><\/td>\r\n<\/tr>\r\n<tr>\r\n<td>Planhyra, tr\u00e4ning\/match inkl. dusch ungdom (&lt;18 \u00e5r) 3 tim.<\/td>\r\n<td>500 kr<\/td>\r\n<\/tr>\r\n<tr>\r\n<td>Planhyra, tr\u00e4ning\/match inkl. dusch senior (&gt;18 \u00e5r) 3 tim.<\/td>\r\n<td>1 350 kr<\/td>\r\n<\/tr>\r\n<tr>\r\n<td>Fotbollsplaner f\u00f6r spontanfotboll, medlemmar och g\u00e4ster<\/td>\r\n<td>Gratis<\/td>\r\n<\/tr>\r\n<tr>\r\n<td>Tennisbana medlem samt alla under 18 \u00e5r<\/td>\r\n<td>Gratis<\/td>\r\n<\/tr>\r\n<tr>\r\n<td>Tennisbana ej medlem (\u00f6ver 18 \u00e5r)<\/td>\r\n<td>50 kr\/timma<\/td>\r\n<\/tr>\r\n<tr>\r\n<td>Motionssp\u00e5ret<\/td>\r\n<td>Gratis<\/td>\r\n<\/tr>\r\n<tr>\r\n<td>Kajaker, kanoter och roddb\u00e5t medlem<\/td>\r\n<td>Gratis<\/td>\r\n<\/tr>\r\n<tr>\r\n<td>Kajak 1-mans ej medlem inkl. flytv\u00e4st max 2 h<\/td>\r\n<td>100 kr<\/td>\r\n<\/tr>\r\n<tr>\r\n<td>Kajak 1-mans ej medlem inkl. flytv\u00e4st 1 dag<\/td>\r\n<td>300 kr<\/td>\r\n<\/tr>\r\n<tr>\r\n<td>Kajak 2-mans ej medlem inkl. flytv\u00e4st max 2 h<\/td>\r\n<td>150 kr<\/td>\r\n<\/tr>\r\n<tr>\r\n<td>Kajak 2-mans ej medlem inkl. .flytv\u00e4st 1 dag<\/td>\r\n<td>400 kr<\/td>\r\n<\/tr>\r\n<tr>\r\n<td>Roddb\u00e5t ej medlem max 2 h<\/td>\r\n<td>150 kr<\/td>\r\n<\/tr>\r\n<tr>\r\n<td>Roddb\u00e5t ej medlem 1 dag<\/td>\r\n<td>400 kr<\/td>\r\n<\/tr>\r\n<tr>\r\n<td>Cyklar ej medlem hel dag<\/td>\r\n<td>70 kr<\/td>\r\n<\/tr>\r\n<tr>\r\n<td>\u00a0<\/td>\r\n<td>\u00a0<\/td>\r\n<\/tr>\r\n<tr>\r\n<td><strong>L\u00e4ger<\/strong><\/td>\r\n<td><strong>\u00a0<\/strong><\/td>\r\n<\/tr>\r\n<tr>\r\n<td>H\u00e5rt underlag, planhyra, dusch, bastu ungdom<\/td>\r\n<td>130 kr\/pers\/natt<\/td>\r\n<\/tr>\r\n<tr>\r\n<td>H\u00e5rt underlag, planhyra, dusch, bastu senior<\/td>\r\n<td>160 kr\/dygn\/natt<\/td>\r\n<\/tr>\r\n<tr>\r\n<td>Hyra (grundavgift) bygdeg\u00e5rd i samband med l\u00e4ger, stora sal, k\u00f6k<\/td>\r\n<td>1 000 kr\/dygn<\/td>\r\n<\/tr>\r\n<tr>\r\n<td>Minsta debitering 12 personer<\/td>\r\n<td>\u00a0<\/td>\r\n<\/tr>\r\n<tr>\r\n<td>\u00a0<\/td>\r\n<td>\u00a0<\/td>\r\n<\/tr>\r\n<tr>\r\n<td><strong>Boende och camping<\/strong>\r\n<p>&nbsp;<\/p>\r\n<p>F\u00f6r b\u00e4sta m\u00f6jliga pris, v\u00e4nligen boka i f\u00f6rv\u00e4g online via Campcation:<\/p>\r\n<figure><a href=\"https:\/\/www.campcation.se\/sv\/campsite\/torso-camping\"><img decoding=\"async\" src=\"http:\/\/media.tbif.se\/2023\/01\/Onlinebokning-300x41.png\" alt=\"\" width=\"300\" height=\"41\" \/><\/a><\/figure>\r\n<p>&nbsp;<\/p>\r\n<\/td>\r\n<td><strong>\u00a0<\/strong><\/td>\r\n<\/tr>\r\n<tr>\r\n<td>Priser inkl. 12% moms<\/td>\r\n<td>\u00a0<\/td>\r\n<\/tr>\r\n<tr>\r\n<td>Sm\u00e5stugorna, Ons\u00f6, Kalv\u00f6, Dill\u00f6 och Bromm\u00f6<\/td>\r\n<td>575 kr\/dygn<\/td>\r\n<\/tr>\r\n<tr>\r\n<td>Sm\u00e5stugorna, Ons\u00f6, Kalv\u00f6, Dill\u00f6 och Bromm\u00f6<\/td>\r\n<td>Per vecka: 3 000 kr<\/td>\r\n<\/tr>\r\n<tr>\r\n<td>L\u00e4genhet 7-b\u00e4ddar<\/td>\r\n<td>800 kr\/dygn<\/td>\r\n<\/tr>\r\n<tr>\r\n<td>L\u00e4genhet 7-b\u00e4ddar<\/td>\r\n<td>Per vecka: 4800 kr<\/td>\r\n<\/tr>\r\n<tr>\r\n<td>Extra s\u00e4ng, reses\u00e4ng<\/td>\r\n<td>100 kr\/dygn<\/td>\r\n<\/tr>\r\n<tr>\r\n<td>\u00a0<\/td>\r\n<td>\u00a0<\/td>\r\n<\/tr>\r\n<tr>\r\n<td><strong>Camping<\/strong>\r\n<p>&nbsp;<\/p>\r\n<p>F\u00f6r b\u00e4sta m\u00f6jliga pris, v\u00e4nligen boka i f\u00f6rv\u00e4g online via Campcation:<\/p>\r\n<figure><a href=\"https:\/\/www.campcation.se\/sv\/campsite\/torso-camping\"><img decoding=\"async\" src=\"http:\/\/media.tbif.se\/2023\/01\/Onlinebokning-300x41.png\" alt=\"\" width=\"300\" height=\"41\" \/><\/a><\/figure>\r\n<p>&nbsp;<\/p>\r\n<\/td>\r\n<td>\u00a0<\/td>\r\n<\/tr>\r\n<tr>\r\n<td>Husvagn\/husbil och kombivagn (H\u00f6gs\u00e4song 1\/6-31\/8)<\/td>\r\n<td>240 kr\/dygn<\/td>\r\n<\/tr>\r\n<tr>\r\n<td>Husvagn\/husbil och kombivagn (L\u00e5gs\u00e4song 1\/9-31\/5)<\/td>\r\n<td>200 kr\/dygn<\/td>\r\n<\/tr>\r\n<tr>\r\n<td>T\u00e4lt med bil , motorscykel etc. (H\u00f6gs\u00e4song 1\/6-31\/8)<\/td>\r\n<td>190 kr\/dygn<\/td>\r\n<\/tr>\r\n<tr>\r\n<td>T\u00e4lt med bil , motorscykel etc. (L\u00e5gs\u00e4song 1\/9-31\/5)<\/td>\r\n<td>170 kr\/dygn<\/td>\r\n<\/tr>\r\n<tr>\r\n<td>El till husvagn, husbil, t\u00e4lt och kombivagn<\/td>\r\n<td>40 kr\/dygn<\/td>\r\n<\/tr>\r\n<tr>\r\n<td>\u00a0<\/td>\r\n<td>\u00a0<\/td>\r\n<\/tr>\r\n<tr>\r\n<td><strong>Midsommar fre &#8211; l\u00f6r\u00a0<\/strong>\r\n<p>&nbsp;<\/p>\r\n<p>F\u00f6r b\u00e4sta m\u00f6jliga pris, v\u00e4nligen boka i f\u00f6rv\u00e4g online via Campcation:<\/p>\r\n<figure><a href=\"https:\/\/www.campcation.se\/sv\/campsite\/torso-camping\"><img decoding=\"async\" src=\"http:\/\/media.tbif.se\/2023\/01\/Onlinebokning-300x41.png\" alt=\"\" width=\"300\" height=\"41\" \/><\/a><\/figure>\r\n<p>&nbsp;<\/p>\r\n<\/td>\r\n<td>\u00a0<\/td>\r\n<\/tr>\r\n<tr>\r\n<td>Husvagn\/husbil och kombivagn<\/td>\r\n<td>460 kr plus ev. EL 40 kr per dygn<\/td>\r\n<\/tr>\r\n<tr>\r\n<td>T\u00e4lt med bil<\/td>\r\n<td>380 kr<\/td>\r\n<\/tr>\r\n<tr>\r\n<td>Sm\u00e5stugorna, Ons\u00f6, Kalv\u00f6, Dill\u00f6 och Bromm\u00f6<\/td>\r\n<td>\u00a0875 kr\u00a0<\/td>\r\n<\/tr>\r\n<tr>\r\n<td>L\u00e4genhet 7-b\u00e4ddar<\/td>\r\n<td>1600 kr\u00a0<\/td>\r\n<\/tr>\r\n<tr>\r\n<td>\u00a0<\/td>\r\n<td>\u00a0<\/td>\r\n<\/tr>\r\n<tr>\r\n<td><strong>S\u00e4songsplatser<\/strong><\/td>\r\n<td>\u00a0<\/td>\r\n<\/tr>\r\n<tr>\r\n<td>S\u00e4songsplats 1\/4-30\/9<\/td>\r\n<td>6 000 kr exkl. el<\/td>\r\n<\/tr>\r\n<tr>\r\n<td>S\u00e4songsplats 1\/10-31\/3<\/td>\r\n<td>1 000 kr exkl. el<\/td>\r\n<\/tr>\r\n<tr>\r\n<td>Elpris+p\u00e5slag=pris\/kwh inkl. moms<\/td>\r\n<td>Snittpris+25=XXX \u00f6re<\/td>\r\n<\/tr>\r\n<tr>\r\n<td>Snitt elpris av V\u00e4nerEnergi AB f\u00f6r perioden<\/td>\r\n<td>\u00a0<\/td>\r\n<\/tr>\r\n<tr>\r\n<td>\u00a0<\/td>\r\n<td>\u00a0<\/td>\r\n<\/tr>\r\n<tr>\r\n<td><strong>K\u00f6p av st\u00e4dtj\u00e4nst <\/strong><\/td>\r\n<td><strong>\u00a0<\/strong><\/td>\r\n<\/tr>\r\n<tr>\r\n<td>L\u00e4genheten<\/td>\r\n<td>500 kr<\/td>\r\n<\/tr>\r\n<tr>\r\n<td>Sm\u00e5stugorna<\/td>\r\n<td>300 kr<\/td>\r\n<\/tr>\r\n<tr>\r\n<td>\u00a0<\/td>\r\n<td>\u00a0<\/td>\r\n<\/tr>\r\n<tr>\r\n<td><strong>\u00d6vrigt<\/strong><\/td>\r\n<td><strong>\u00a0<\/strong><\/td>\r\n<\/tr>\r\n<tr>\r\n<td>Tv\u00e4ttmaskin, inkl. torktumlare<\/td>\r\n<td>40 kr\/maskin<\/td>\r\n<\/tr>\r\n<tr>\r\n<td>\u00a0<\/td>\r\n<td>\u00a0<\/td>\r\n<\/tr>\r\n<tr>\r\n<td><strong>Medlemsavgifter <\/strong>(beslutas av \u00e5rsm\u00f6tet)<\/td>\r\n<td><strong>\u00a0<\/strong><\/td>\r\n<\/tr>\r\n<tr>\r\n<td>Familj<\/td>\r\n<td>400 kr<\/td>\r\n<\/tr>\r\n<tr>\r\n<td>Vuxen<\/td>\r\n<td>200 kr<\/td>\r\n<\/tr>\r\n<tr>\r\n<td>Barn och ungdom t.o.m. 18 \u00e5r<\/td>\r\n<td>100 kr<\/td>\r\n<\/tr>\r\n<tr>\r\n<td>\u00a0<\/td>\r\n<td>\u00a0<\/td>\r\n<\/tr>\r\n<\/tbody>\r\n<\/table>\r\n<\/figure>\r\n\r\n\r\n\r\n<p>&nbsp;<\/p>\r\n\r\n\r\n\r\n<p>&nbsp;<\/p>\r\n","protected":false},"excerpt":{"rendered":"<p>Prislista Tors\u00f6 BIF 2023 \u00a0 \u00a0 \u00a0 \u00a0 \u00a0 Bygdeg\u00e5rden Priser 2023 M\u00f6teshyra stora salen exkl. k\u00f6k 500 kr M\u00f6teshyra stora salen inkl. k\u00f6k 700 kr Hyra av AV-utrustning Ing\u00e5r i hyran Sammantr\u00e4desrum \u00f6verv\u00e5ning inkl. kanon 350 kr Hyra av &hellip; <a href=\"https:\/\/hemsida.tbif.se\/?page_id=1769\">Forts\u00e4tt l\u00e4sa <span class=\"meta-nav\">&rarr;<\/span><\/a><\/p>\n","protected":false},"author":13,"featured_media":0,"parent":670,"menu_order":1,"comment_status":"closed","ping_status":"closed","template":"","meta":{"footnotes":""},"_links":{"self":[{"href":"https:\/\/hemsida.tbif.se\/index.php?rest_route=\/wp\/v2\/pages\/1769"}],"collection":[{"href":"https:\/\/hemsida.tbif.se\/index.php?rest_route=\/wp\/v2\/pages"}],"about":[{"href":"https:\/\/hemsida.tbif.se\/index.php?rest_route=\/wp\/v2\/types\/page"}],"author":[{"embeddable":true,"href":"https:\/\/hemsida.tbif.se\/index.php?rest_route=\/wp\/v2\/users\/13"}],"replies":[{"embeddable":true,"href":"https:\/\/hemsida.tbif.se\/index.php?rest_route=%2Fwp%2Fv2%2Fcomments&post=1769"}],"version-history":[{"count":18,"href":"https:\/\/hemsida.tbif.se\/index.php?rest_route=\/wp\/v2\/pages\/1769\/revisions"}],"predecessor-version":[{"id":3498,"href":"https:\/\/hemsida.tbif.se\/index.php?rest_route=\/wp\/v2\/pages\/1769\/revisions\/3498"}],"up":[{"embeddable":true,"href":"https:\/\/hemsida.tbif.se\/index.php?rest_route=\/wp\/v2\/pages\/670"}],"wp:attachment":[{"href":"https:\/\/hemsida.tbif.se\/index.php?rest_route=%2Fwp%2Fv2%2Fmedia&parent=1769"}],"curies":[{"name":"wp","href":"https:\/\/api.w.org\/{rel}","templated":true}]}}