{"id":1949,"date":"2019-05-02T21:40:47","date_gmt":"2019-05-02T19:40:47","guid":{"rendered":"http:\/\/tbif.se\/?page_id=1949"},"modified":"2024-05-03T10:33:44","modified_gmt":"2024-05-03T08:33:44","slug":"arkiv","status":"publish","type":"page","link":"https:\/\/hemsida.tbif.se\/?page_id=1949","title":{"rendered":"Arkiv"},"content":{"rendered":"\r\n<p>&nbsp;<\/p>\r\n<h2>Valborgsm\u00e4ssoafton 2024!<\/h2>\r\n<div>\r\n<h4>Ca 190 personer kom och firade in v\u00e5ren h\u00e4r p\u00e5 Tors\u00f6 Bygdeg\u00e5rd! Och v\u00e4dret visade sin b\u00e4sta sida!<br \/><br \/>Det blev en mysig och v\u00e4ldigt trevlig kv\u00e4ll!<br \/><br \/>Tack s\u00e4ger vi till:<br \/><br \/>V\u00e5r ordf\u00f6rande Kjell-\u00c5ke f\u00f6r ditt traditionsenliga v\u00e4lkomnande , Tors\u00f6 Vokalensemble f\u00f6r er fina k\u00f6rs\u00e5ng och f\u00f6r att ni kommer till oss \u00e5r efter \u00e5r, \u00d6rjan Nilsson f\u00f6r ditt v\u00e5rtal som jag tror vi kommer att minnas i m\u00e5nga \u00e5r, med allvar, humor, v\u00e4lkomnande av v\u00e5ren och avsked av vintern. Thomas och anl\u00e4ggning f\u00f6r brasan.<br \/><br \/>Anders och Janne f\u00f6r bra musik och en blandning av musik, fanns en musiksmak f\u00f6r alla.<br \/><br \/>Sist men dock inte minst Fest &amp; Kultur f\u00f6r mat, dryck och kaffe \u00e5 hemmagjorda kakor!<br \/><br \/>Text\/Bild Madde<\/h4>\r\n<\/div>\r\n<p><img fetchpriority=\"high\" decoding=\"async\" class=\"wp-image-3403 aligncenter\" src=\"http:\/\/media.tbif.se\/2024\/05\/majbrasa2024-1024x812.jpg\" alt=\"\" width=\"765\" height=\"607\" \/> <img decoding=\"async\" class=\"wp-image-3402 aligncenter\" src=\"http:\/\/media.tbif.se\/2024\/05\/torsovakalansambel2024-768x1024.jpg\" alt=\"\" width=\"383\" height=\"511\" \/> <img decoding=\"async\" class=\"wp-image-3401 aligncenter\" src=\"http:\/\/media.tbif.se\/2024\/05\/talareorjan2024-559x1024.jpg\" alt=\"\" width=\"357\" height=\"654\" \/> <img loading=\"lazy\" decoding=\"async\" class=\"aligncenter wp-image-3400\" src=\"http:\/\/media.tbif.se\/2024\/05\/dukning2024-1024x768.jpg\" alt=\"\" width=\"411\" height=\"308\" \/> <img loading=\"lazy\" decoding=\"async\" class=\"wp-image-3399 aligncenter\" src=\"http:\/\/media.tbif.se\/2024\/05\/kakor2024-1024x768.jpg\" alt=\"\" width=\"459\" height=\"344\" \/> <img loading=\"lazy\" decoding=\"async\" class=\"wp-image-3398 aligncenter\" src=\"http:\/\/media.tbif.se\/2024\/05\/andersochjanne2024-1024x768.jpg\" alt=\"\" width=\"456\" height=\"342\" \/> <img loading=\"lazy\" decoding=\"async\" class=\"size-large wp-image-3397 aligncenter\" src=\"http:\/\/media.tbif.se\/2024\/05\/festokulturganget2024-1024x1015.jpg\" alt=\"\" width=\"640\" height=\"634\" \/><\/p>\r\n<p>&nbsp;<\/p>\r\n<p>Vilken rolig kv\u00e4ll det blev i Tors\u00f6 Bygdeg\u00e5rd!<\/p>\r\n\r\n\r\n\r\n<p>Stefan Jonsson och Mikael Westman bj\u00f6d p\u00e5 ett fantastiskt quiz och efter det m\u00e5nga goa l\u00e5tar som publiken kunde b\u00e5de rocka loss till, sjunga med i och n\u00e5gra lugna fina favoriter. Mikael \u00a0och Stefan bj\u00f6d p\u00e5 sig sj\u00e4lva genom \u00a0s\u00e5ng,\u00a0 gitarr spel men \u00e4ven med ett underbart mellansnack! Publiken fick m\u00e5nga goa skratt! Tack alla som kom och TACK Stefan och Mikael, men \u00e4ven ett stort tack till Er alla i Fest och Kultur som ordnat denna kv\u00e4ll!\u00a0<\/p>\r\n\r\n\r\n\r\n<p>Tack alla!<\/p>\r\n\r\n\r\n\r\n<p>Vid pennan Madde Fest Och Kultur<\/p>\r\n\r\n\r\n\r\n<figure class=\"wp-block-gallery-1 is-layout-flex wp-block-gallery-is-layout-flex\">\r\n<figure><a href=\"http:\/\/media.tbif.se\/2022\/11\/Musik-2-scaled.jpg\"><img loading=\"lazy\" decoding=\"async\" data-id=\"2797\" class=\"\" src=\"http:\/\/media.tbif.se\/2022\/11\/Musik-2-1024x768.jpg\" alt=\"\" width=\"398\" height=\"299\" \/><\/a><\/figure>\r\n\r\n\r\n\r\n<figure><a href=\"http:\/\/media.tbif.se\/2022\/11\/Dukning-1-scaled.jpg\"><img loading=\"lazy\" decoding=\"async\" data-id=\"2799\" class=\"\" src=\"http:\/\/media.tbif.se\/2022\/11\/Dukning-1-1024x768.jpg\" alt=\"\" width=\"396\" height=\"297\" \/><\/a><\/figure>\r\n\r\n\r\n\r\n<figure><a href=\"http:\/\/media.tbif.se\/2022\/11\/Gaster-1.jpg\"><img loading=\"lazy\" decoding=\"async\" data-id=\"2800\" class=\"\" src=\"http:\/\/media.tbif.se\/2022\/11\/Gaster-1-1003x1024.jpg\" alt=\"\" width=\"397\" height=\"405\" \/><\/a><\/figure>\r\n\r\n\r\n\r\n<figure><a href=\"http:\/\/media.tbif.se\/2022\/11\/Crew-2-scaled.jpg\"><img loading=\"lazy\" decoding=\"async\" data-id=\"2801\" class=\"\" src=\"http:\/\/media.tbif.se\/2022\/11\/Crew-2-768x1024.jpg\" alt=\"\" width=\"400\" height=\"533\" \/><\/a><\/figure>\r\n\r\n\r\n\r\n<figure><a href=\"http:\/\/media.tbif.se\/2022\/11\/Bar-2-scaled.jpg\"><img loading=\"lazy\" decoding=\"async\" data-id=\"2802\" class=\"\" src=\"http:\/\/media.tbif.se\/2022\/11\/Bar-2-768x1024.jpg\" alt=\"\" width=\"400\" height=\"533\" \/><\/a><\/figure>\r\n\r\n\r\n\r\n<figure><a href=\"http:\/\/media.tbif.se\/2022\/11\/Mat-2-scaled.jpg\"><img loading=\"lazy\" decoding=\"async\" data-id=\"2803\" class=\"\" src=\"http:\/\/media.tbif.se\/2022\/11\/Mat-2-768x1024.jpg\" alt=\"\" width=\"401\" height=\"535\" \/><\/a><\/figure>\r\n<\/figure>\r\n\r\n\r\n\r\n<figure><a href=\"http:\/\/media.tbif.se\/2022\/10\/Livequiz-2022-1.jpg\"><img loading=\"lazy\" decoding=\"async\" class=\"\" src=\"http:\/\/media.tbif.se\/2022\/10\/Livequiz-2022-1-716x1024.jpg\" alt=\"\" width=\"255\" height=\"365\" \/><\/a><\/figure>\r\n\r\n\r\n\r\n<p>Ber\u00e4ttarcaf\u00e9 med musik, s\u00f6ndag 18 september\u00a0<\/p>\r\n\r\n\r\n\r\n<p>Eftermiddagen inleddes med Bo Bj\u00f6rk som ber\u00e4ttade till foto av Stefan Svensson om Mariestads Fyrs\u00e4llskap verksamhet. Det var intressant att f\u00e5 reda p\u00e5 allt jobb de l\u00e4gger ner p\u00e5 fyrarna runt Tors\u00f6 med omnejd.\u00a0 Amanda Hessle och Stefan fortsatte efter detta att ber\u00e4tta om hur boken om \u201dDjur\u00f6-mer \u00e4n en fyrplats i V\u00e4nern\u201d kom till. Publiken fick f\u00f6lja med p\u00e5 en \u201dresa ut till Djur\u00f6\u201d d\u00e4r de fick se gamla och nytagna kort samt h\u00f6ra sp\u00e4nnande och intressanta historier bakom dessa foton. \u00a0\u00a0<\/p>\r\n\r\n\r\n\r\n<p>Efter goda r\u00e4ksm\u00f6rg\u00e5sar med kaffe, fortsatte vi eftermiddagen med Polarn Per. Per Svensson, med sina r\u00f6tter i G\u00f6ss\u00e4ter men boende i Alings\u00e5s. Vi fick lyssna till hans visor om sin uppv\u00e4xt p\u00e5 Kinnekulle till vardagen i Alings\u00e5s, med b\u00e5de alvar, humor och skratt.\u00a0<\/p>\r\n\r\n\r\n\r\n<p>Vill tacka alla som kom till Tors\u00f6 bygdeg\u00e5rd denna eftermiddag, men framf\u00f6r allt ett stort tack till Amanda, Stefan, Bo och Per.\u00a0<\/p>\r\n\r\n\r\n\r\n<p>Tack \u00e4ven \u00f6vriga i Fest och Kultur f\u00f6r det fina arbete ni l\u00e4gger ner p\u00e5 detta.\u00a0<\/p>\r\n\r\n\r\n\r\n<p>Vid pennan\/ Madelene Ramberg\u00a0\u00a0<\/p>\r\n\r\n\r\n\r\n<figure class=\"wp-block-gallery-2 is-layout-flex wp-block-gallery-is-layout-flex\">\r\n<figure><a href=\"http:\/\/media.tbif.se\/2022\/10\/Berattarcafe-host-2022-1.jpg\"><img loading=\"lazy\" decoding=\"async\" data-id=\"2763\" class=\"\" src=\"http:\/\/media.tbif.se\/2022\/10\/Berattarcafe-host-2022-1.jpg\" alt=\"\" width=\"251\" height=\"335\" \/><\/a><\/figure>\r\n\r\n\r\n\r\n<figure><a href=\"http:\/\/media.tbif.se\/2022\/10\/Berattarcafe-host-2022-2.jpg\"><img decoding=\"async\" data-id=\"2764\" src=\"http:\/\/media.tbif.se\/2022\/10\/Berattarcafe-host-2022-2.jpg\" alt=\"\" \/><\/a><\/figure>\r\n<\/figure>\r\n\r\n\r\n\r\n<figure><a href=\"http:\/\/media.tbif.se\/2022\/10\/Berattarcafe-host-2022.jpg\"><img decoding=\"async\" src=\"http:\/\/media.tbif.se\/2022\/10\/Berattarcafe-host-2022.jpg\" alt=\"\" \/><\/a><\/figure>\r\n\r\n\r\n\r\n<figure><a href=\"http:\/\/media.tbif.se\/2022\/10\/Berattarcafe-220918.jpg\"><img decoding=\"async\" src=\"http:\/\/media.tbif.se\/2022\/10\/Berattarcafe-220918-800x1024.jpg\" alt=\"\" \/><\/a><\/figure>\r\n\r\n\r\n\r\n<figure><a href=\"http:\/\/media.tbif.se\/2021\/09\/Berattarcafe-affisch.png\"><img loading=\"lazy\" decoding=\"async\" src=\"http:\/\/media.tbif.se\/2021\/09\/Berattarcafe-affisch.png\" alt=\"\" width=\"669\" height=\"959\" \/><\/a><\/figure>\r\n\r\n<p><a href=\"http:\/\/media.tbif.se\/2019\/08\/60tals.jpg\"><img loading=\"lazy\" decoding=\"async\" class=\"\" src=\"http:\/\/media.tbif.se\/2019\/08\/60tals.jpg\" alt=\"\" width=\"515\" height=\"826\" \/><\/a><\/p>","protected":false},"excerpt":{"rendered":"<p>&nbsp; Valborgsm\u00e4ssoafton 2024! Ca 190 personer kom och firade in v\u00e5ren h\u00e4r p\u00e5 Tors\u00f6 Bygdeg\u00e5rd! Och v\u00e4dret visade sin b\u00e4sta sida! Det blev en mysig och v\u00e4ldigt trevlig kv\u00e4ll! Tack s\u00e4ger vi till: V\u00e5r ordf\u00f6rande Kjell-\u00c5ke f\u00f6r ditt traditionsenliga v\u00e4lkomnande &hellip; <a href=\"https:\/\/hemsida.tbif.se\/?page_id=1949\">Forts\u00e4tt l\u00e4sa <span class=\"meta-nav\">&rarr;<\/span><\/a><\/p>\n","protected":false},"author":1,"featured_media":0,"parent":757,"menu_order":2,"comment_status":"closed","ping_status":"closed","template":"","meta":{"footnotes":""},"_links":{"self":[{"href":"https:\/\/hemsida.tbif.se\/index.php?rest_route=\/wp\/v2\/pages\/1949"}],"collection":[{"href":"https:\/\/hemsida.tbif.se\/index.php?rest_route=\/wp\/v2\/pages"}],"about":[{"href":"https:\/\/hemsida.tbif.se\/index.php?rest_route=\/wp\/v2\/types\/page"}],"author":[{"embeddable":true,"href":"https:\/\/hemsida.tbif.se\/index.php?rest_route=\/wp\/v2\/users\/1"}],"replies":[{"embeddable":true,"href":"https:\/\/hemsida.tbif.se\/index.php?rest_route=%2Fwp%2Fv2%2Fcomments&post=1949"}],"version-history":[{"count":20,"href":"https:\/\/hemsida.tbif.se\/index.php?rest_route=\/wp\/v2\/pages\/1949\/revisions"}],"predecessor-version":[{"id":3409,"href":"https:\/\/hemsida.tbif.se\/index.php?rest_route=\/wp\/v2\/pages\/1949\/revisions\/3409"}],"up":[{"embeddable":true,"href":"https:\/\/hemsida.tbif.se\/index.php?rest_route=\/wp\/v2\/pages\/757"}],"wp:attachment":[{"href":"https:\/\/hemsida.tbif.se\/index.php?rest_route=%2Fwp%2Fv2%2Fmedia&parent=1949"}],"curies":[{"name":"wp","href":"https:\/\/api.w.org\/{rel}","templated":true}]}}