{"id":1962,"date":"2019-05-02T22:21:17","date_gmt":"2019-05-02T20:21:17","guid":{"rendered":"http:\/\/tbif.se\/?page_id=1962"},"modified":"2024-04-25T16:07:14","modified_gmt":"2024-04-25T14:07:14","slug":"barngymnastik","status":"publish","type":"page","link":"https:\/\/hemsida.tbif.se\/?page_id=1962","title":{"rendered":"Barngymnastik"},"content":{"rendered":"\r\n<figure><a href=\"http:\/\/media.tbif.se\/2023\/10\/Barn-host-23-1.jpg\"><img decoding=\"async\" src=\"http:\/\/media.tbif.se\/2023\/10\/Barn-host-23-1-733x1024.jpg\" alt=\"\" \/><\/a><\/figure>\r\n\r\n\r\n<hr \/>\r\n\r\n\r\n<h2 class=\"wp-block-heading\">\u00a0<\/h2>\r\n\r\n\r\n\r\n<figure>https:\/\/www.gp.se\/sport\/folkh%C3%A4lsomyndigheten-st%C3%A4ll-inte-in-tr%C3%A4ningar-f%C3%B6r-ungdomar-1.25401665<\/figure>\r\n\r\n\r\n\r\n<p>Avslutning 15\/5 &#8211; 19 f\u00f6r denna termin. 19 barn var med och lekte lekar vid bygdeg\u00e5rden. Efter medaljutdelning var det fika f\u00f6r barn och f\u00f6r\u00e4ldrar och sedan lite fri lek.<\/p>\r\n\r\n\r\n\r\n<p>Vi ses till h\u00f6sten igen!<\/p>\r\n\r\n\r\n\r\n<figure><img decoding=\"async\" class=\"\" src=\"http:\/\/media.tbif.se\/2019\/05\/barngy1.jpg\" alt=\"\" width=\"242\" height=\"181\" \/><\/figure>\r\n\r\n\r\n\r\n<figure><img decoding=\"async\" src=\"http:\/\/media.tbif.se\/2019\/05\/barngy2-e1558106258846.jpg\" alt=\"\" \/><\/figure>\r\n\r\n\r\n\r\n<figure><img decoding=\"async\" src=\"http:\/\/media.tbif.se\/2019\/05\/barngy3-e1558106275351.jpg\" alt=\"\" \/><\/figure>\r\n","protected":false},"excerpt":{"rendered":"<p>\u00a0 Avslutning 15\/5 &#8211; 19 f\u00f6r denna termin. 19 barn var med och lekte lekar vid bygdeg\u00e5rden. Efter medaljutdelning var det fika f\u00f6r barn och f\u00f6r\u00e4ldrar och sedan lite fri lek. Vi ses till h\u00f6sten igen!<\/p>\n","protected":false},"author":1,"featured_media":0,"parent":759,"menu_order":1,"comment_status":"closed","ping_status":"closed","template":"","meta":{"footnotes":""},"_links":{"self":[{"href":"https:\/\/hemsida.tbif.se\/index.php?rest_route=\/wp\/v2\/pages\/1962"}],"collection":[{"href":"https:\/\/hemsida.tbif.se\/index.php?rest_route=\/wp\/v2\/pages"}],"about":[{"href":"https:\/\/hemsida.tbif.se\/index.php?rest_route=\/wp\/v2\/types\/page"}],"author":[{"embeddable":true,"href":"https:\/\/hemsida.tbif.se\/index.php?rest_route=\/wp\/v2\/users\/1"}],"replies":[{"embeddable":true,"href":"https:\/\/hemsida.tbif.se\/index.php?rest_route=%2Fwp%2Fv2%2Fcomments&post=1962"}],"version-history":[{"count":17,"href":"https:\/\/hemsida.tbif.se\/index.php?rest_route=\/wp\/v2\/pages\/1962\/revisions"}],"predecessor-version":[{"id":3228,"href":"https:\/\/hemsida.tbif.se\/index.php?rest_route=\/wp\/v2\/pages\/1962\/revisions\/3228"}],"up":[{"embeddable":true,"href":"https:\/\/hemsida.tbif.se\/index.php?rest_route=\/wp\/v2\/pages\/759"}],"wp:attachment":[{"href":"https:\/\/hemsida.tbif.se\/index.php?rest_route=%2Fwp%2Fv2%2Fmedia&parent=1962"}],"curies":[{"name":"wp","href":"https:\/\/api.w.org\/{rel}","templated":true}]}}