{"id":2068,"date":"2019-10-23T22:03:53","date_gmt":"2019-10-23T20:03:53","guid":{"rendered":"http:\/\/tbif.se\/?page_id=2068"},"modified":"2022-10-24T16:46:01","modified_gmt":"2022-10-24T14:46:01","slug":"fredagstraffar","status":"publish","type":"page","link":"https:\/\/hemsida.tbif.se\/?page_id=2068","title":{"rendered":"Fredagstr\u00e4ffar"},"content":{"rendered":"\n<p>Tr\u00e4ffar med olika teman f\u00f6r barn fr\u00e5n f\u00f6rskoleklass till 6:an<\/p>\n\n\n\n<div data-wp-interactive=\"core\/file\" class=\"wp-block-file\"><object data-wp-bind--hidden=\"!state.hasPdfPreview\"  class=\"wp-block-file__embed\" data=\"http:\/\/media.tbif.se\/2022\/10\/Fredagstraff-Halloween.pdf\" type=\"application\/pdf\" style=\"width:100%;height:950px\" aria-label=\"Inb\u00e4ddning av Inb\u00e4ddning av Fredagstraff-Halloween..\"><\/object><a href=\"http:\/\/media.tbif.se\/2022\/10\/Fredagstraff-Halloween.pdf\">Fredagstraff-Halloween<\/a><a href=\"http:\/\/media.tbif.se\/2022\/10\/Fredagstraff-Halloween.pdf\" class=\"wp-block-file__button\" download>Ladda ner<\/a><\/div>\n","protected":false},"excerpt":{"rendered":"<p>Tr\u00e4ffar med olika teman f\u00f6r barn fr\u00e5n f\u00f6rskoleklass till 6:an<\/p>\n","protected":false},"author":1,"featured_media":0,"parent":759,"menu_order":4,"comment_status":"closed","ping_status":"closed","template":"","meta":{"footnotes":""},"_links":{"self":[{"href":"https:\/\/hemsida.tbif.se\/index.php?rest_route=\/wp\/v2\/pages\/2068"}],"collection":[{"href":"https:\/\/hemsida.tbif.se\/index.php?rest_route=\/wp\/v2\/pages"}],"about":[{"href":"https:\/\/hemsida.tbif.se\/index.php?rest_route=\/wp\/v2\/types\/page"}],"author":[{"embeddable":true,"href":"https:\/\/hemsida.tbif.se\/index.php?rest_route=\/wp\/v2\/users\/1"}],"replies":[{"embeddable":true,"href":"https:\/\/hemsida.tbif.se\/index.php?rest_route=%2Fwp%2Fv2%2Fcomments&post=2068"}],"version-history":[{"count":7,"href":"https:\/\/hemsida.tbif.se\/index.php?rest_route=\/wp\/v2\/pages\/2068\/revisions"}],"predecessor-version":[{"id":2779,"href":"https:\/\/hemsida.tbif.se\/index.php?rest_route=\/wp\/v2\/pages\/2068\/revisions\/2779"}],"up":[{"embeddable":true,"href":"https:\/\/hemsida.tbif.se\/index.php?rest_route=\/wp\/v2\/pages\/759"}],"wp:attachment":[{"href":"https:\/\/hemsida.tbif.se\/index.php?rest_route=%2Fwp%2Fv2%2Fmedia&parent=2068"}],"curies":[{"name":"wp","href":"https:\/\/api.w.org\/{rel}","templated":true}]}}