{"id":2280,"date":"2020-09-09T21:21:42","date_gmt":"2020-09-09T19:21:42","guid":{"rendered":"http:\/\/tbif.se\/?page_id=2280"},"modified":"2025-09-24T18:20:59","modified_gmt":"2025-09-24T16:20:59","slug":"tipspromenader","status":"publish","type":"page","link":"https:\/\/hemsida.tbif.se\/?page_id=2280","title":{"rendered":"Tipspromenader"},"content":{"rendered":"\r\n<h2 class=\"wp-block-heading\">Tipspromenad, v\u00e5r &amp; h\u00f6st<\/h2>\r\n\r\n\r\n\r\n<p>Tipspromenaden genomf\u00f6r 6 s\u00f6ndagar under h\u00f6st respektive v\u00e5r. Du startar vid Sk\u00e4rg\u00e5rdsskolan mellan kl 9:30 &#8211; 11:00. Promenerar 2,5 km och svarar p\u00e5 12 vuxen- eller barnfr\u00e5gor. Om du vill kan du \u00e4ven delta i Tipsbingon och k\u00f6pa lotter. Promenadv\u00e4gen \u00e4r hjulv\u00e4nlig d v s\u00a0barnvagnar, rullatorer, cyklar, kickboards och rullstol g\u00e5r att framf\u00f6ras.<\/p>\r\n<p><a href=\"http:\/\/media.tbif.se\/2025\/03\/Tipspromenad.png\"><img fetchpriority=\"high\" decoding=\"async\" class=\"alignnone wp-image-3594 size-full\" src=\"http:\/\/media.tbif.se\/2025\/03\/Tipspromenad-e1758730828674.png\" alt=\"\" width=\"255\" height=\"362\" \/><\/a><\/p>\r\n\r\n\r\n","protected":false},"excerpt":{"rendered":"<p>Tipspromenad, v\u00e5r &amp; h\u00f6st Tipspromenaden genomf\u00f6r 6 s\u00f6ndagar under h\u00f6st respektive v\u00e5r. Du startar vid Sk\u00e4rg\u00e5rdsskolan mellan kl 9:30 &#8211; 11:00. Promenerar 2,5 km och svarar p\u00e5 12 vuxen- eller barnfr\u00e5gor. Om du vill kan du \u00e4ven delta i Tipsbingon &hellip; <a href=\"https:\/\/hemsida.tbif.se\/?page_id=2280\">Forts\u00e4tt l\u00e4sa <span class=\"meta-nav\">&rarr;<\/span><\/a><\/p>\n","protected":false},"author":13,"featured_media":0,"parent":755,"menu_order":0,"comment_status":"closed","ping_status":"closed","template":"","meta":{"footnotes":""},"_links":{"self":[{"href":"https:\/\/hemsida.tbif.se\/index.php?rest_route=\/wp\/v2\/pages\/2280"}],"collection":[{"href":"https:\/\/hemsida.tbif.se\/index.php?rest_route=\/wp\/v2\/pages"}],"about":[{"href":"https:\/\/hemsida.tbif.se\/index.php?rest_route=\/wp\/v2\/types\/page"}],"author":[{"embeddable":true,"href":"https:\/\/hemsida.tbif.se\/index.php?rest_route=\/wp\/v2\/users\/13"}],"replies":[{"embeddable":true,"href":"https:\/\/hemsida.tbif.se\/index.php?rest_route=%2Fwp%2Fv2%2Fcomments&post=2280"}],"version-history":[{"count":21,"href":"https:\/\/hemsida.tbif.se\/index.php?rest_route=\/wp\/v2\/pages\/2280\/revisions"}],"predecessor-version":[{"id":3646,"href":"https:\/\/hemsida.tbif.se\/index.php?rest_route=\/wp\/v2\/pages\/2280\/revisions\/3646"}],"up":[{"embeddable":true,"href":"https:\/\/hemsida.tbif.se\/index.php?rest_route=\/wp\/v2\/pages\/755"}],"wp:attachment":[{"href":"https:\/\/hemsida.tbif.se\/index.php?rest_route=%2Fwp%2Fv2%2Fmedia&parent=2280"}],"curies":[{"name":"wp","href":"https:\/\/api.w.org\/{rel}","templated":true}]}}