{"id":368,"date":"2012-03-08T22:52:06","date_gmt":"2012-03-08T21:52:06","guid":{"rendered":"http:\/\/tbif.se\/?page_id=368"},"modified":"2025-06-24T20:07:52","modified_gmt":"2025-06-24T18:07:52","slug":"hem","status":"publish","type":"page","link":"https:\/\/hemsida.tbif.se\/","title":{"rendered":"Hem"},"content":{"rendered":"\r\n<p><img fetchpriority=\"high\" decoding=\"async\" class=\"alignnone size-large wp-image-725\" src=\"http:\/\/media.tbif.se\/2012\/04\/Bygdeg\u00e5rden1-1024x662.jpg\" alt=\"\" width=\"640\" height=\"414\" \/><\/p>\r\n<hr \/>\r\n<h1>Tors\u00f6 Bygdeg\u00e5rds &amp; Idrottsf\u00f6rening (TBIF)<\/h1>\r\n<p>Tors\u00f6 IF bildades 1934 och Tors\u00f6 bygdeg\u00e5rdsf\u00f6rening bildades 1949 slogs samman till Tors\u00f6 Bygdeg\u00e5rds &amp; idrottsf\u00f6rening \u00e5r 1991.Tors\u00f6 BIF:s anl\u00e4ggning, som ligger vid F\u00e5gel\u00f6viken p\u00e5 Tors\u00f6, best\u00e5r av Tors\u00f6 Bygdeg\u00e5rd med b\u00e5de stora och sm\u00e5 samlingslokaler, camping och stuguthyrning, fotbollsplan, gym, motionssp\u00e5r och en tennisbana.\u00a0<\/p>\r\n<p>Samlingslokalerna passar b\u00e5de f\u00f6r sm\u00e5 och stora m\u00f6ten men ocks\u00e5 f\u00f6r fest av olika slag t ex br\u00f6llop eller f\u00f6delsedagsfest. Anl\u00e4ggningen passar utm\u00e4rkt till olika typer av l\u00e4gerverksamhet f\u00f6r t ex fotboll eller orientering. \u00c4r du en s\u00e4llanbes\u00f6kare (icke medlem) p\u00e5 v\u00e5r anl\u00e4ggning har du m\u00f6jlighet att hyra tennisbana, kajak och roddb\u00e5t.<\/p>\r\n<p>Under fliken\u00a0<a title=\"Att hyra \/ Boende\" href=\"http:\/\/tbif.se\/?page_id=670\">Uthyrning<\/a> hittar du mer information om v\u00e5ra olika lokaler och uthyrningsalternativ.<\/p>\r\n<p>Tors\u00f6 BIF har en bred verksamhet och erbjuder aktiviteter och trivseltr\u00e4ffar f\u00f6r s\u00e5v\u00e4l vuxna som barn. Under sidan <a title=\"Aktiviteter\" href=\"http:\/\/tbif.se\/?page_id=657\">Aktiviteter <\/a>kan du l\u00e4sa mer om de aktiviteter som f\u00f6reningen erbjuder.<\/p>\r\n<p>Som medlem kan du:<\/p>\r\n<ul>\r\n<li>delta i alla v\u00e5ra aktiviteter<\/li>\r\n<li>utnyttja f\u00f6reningens gym som finns i Bygdeg\u00e5rden &#8211; gratis<\/li>\r\n<li>anl\u00e4ggningens tennisbana &#8211; gratis<\/li>\r\n<li>l\u00e5na\u00a0roddb\u00e5t och kajak &#8211; gratis<\/li>\r\n<\/ul>\r\n<p>Du kan ocks\u00e5 f\u00f6lja vad som h\u00e4nder i f\u00f6reningen p\u00e5 v\u00e5r Facebooksida: <a title=\"Tors\u00f6 Bygdeg\u00e5rds &amp; Idrottsf\u00f6rening\" href=\"https:\/\/sv-se.facebook.com\/pages\/Tors%C3%B6-Bygdeg%C3%A5rd-Idrottsf%C3%B6rening\/1472635159639173\" target=\"_blank\" rel=\"noopener noreferrer\">Tors\u00f6 Bygdeg\u00e5rd &amp; Idrottsf\u00f6rening<\/a><\/p>\r\n<h1>Bli medlem<\/h1>\r\n<p>Om du vill bli medlem s\u00e5 kostar det f\u00f6r medlem\u00e5ret:<\/p>\r\n<ul>\r\n<li>familj 500 sek\/\u00e5r<\/li>\r\n<li>vuxen 250 sek\/\u00e5r<\/li>\r\n<li>ungdom under 18 \u00e5r 150 sek\/\u00e5r.<\/li>\r\n<\/ul>\r\n<p>Du betalar via:<\/p>\r\n<ul>\r\n<li>Bankgiro, 5040-1298<\/li>\r\n<li>Swish, 123 520 34 01<\/li>\r\n<\/ul>\r\n<p>Vid betalning ange namn och \u00e5lder f\u00f6r den\/de du betalar f\u00f6r alternativt skicka ett e-post till info@tbif.se med dessa uppgifter<\/p>\r\n<p>&nbsp;<\/p>\r\n<h1><strong>TORS\u00d6 CAMPING<\/strong><\/h1>\r\n<p>V\u00c4LKOMNA ATT BO HOS OSS! VILL DU BOKA STUGA, PLATS F\u00d6R HUSVAGN\/HUSBIL ELLER T\u00c4LTA?\u00a0<\/p>\r\n<p><strong>BOKA ONLINE F\u00d6R B\u00c4STA PRIS VIA <a href=\"https:\/\/www.campcation.se\/sv\/campsite\/torso-camping\/\">CAMPCATION <\/a><\/strong>GENOM L\u00c4NKEN NEDAN, &#8221; KONTAKTA OSS VIA TELEFON 0709-277700 ELLER MEJLA TILL INFO@TBIF.SE. CAMPINGEN \u00c4R OBEMANNAD UNDER L\u00c5GS\u00c4SONG.\u00a0<\/p>\r\n<p><a href=\"https:\/\/www.campcation.se\/sv\/campsite\/torso-camping\/\" target=\"_blank\" rel=\"noopener\"><img decoding=\"async\" class=\"\" src=\"http:\/\/media.tbif.se\/2023\/01\/Onlinebokning.png\" alt=\"\" width=\"480\" height=\"66\" \/><\/a><\/p>\r\n<p>WELCOME TO STAY IN OUR CAMPING! DO YOU WANT TO RENT A CAMPING CABIN, A CAMPSITE FOR CARAVAN\/ MOTORHOME OR TENT?<\/p>\r\n<p><strong>BOOK ONLINE FOR THE BEST PRICE VIA<\/strong> <a href=\"https:\/\/www.campcation.se\/en\/campsite\/torso-camping\/\"><strong>CAMPCATION<\/strong><\/a>&#8221;, CALL US ON 0709-277700 OR SEND A EMAIL TO info@tbif.se THE RECEPTION IS UNMANNED DURING LOWSEASON. WELCOME!<\/p>\r\n<p><a href=\"https:\/\/www.campcation.se\/en\/campsite\/torso-camping\/\" target=\"_blank\" rel=\"noopener\"><img decoding=\"async\" class=\"\" src=\"http:\/\/media.tbif.se\/2023\/01\/Onlinebokning-ENG.png\" alt=\"\" width=\"487\" height=\"67\" \/><\/a><\/p>\r\n<p>WILLKOMMEN AUF UNSEREM CAMPINGPLATZ! <strong>Buchen Sie online \u00fcber <a href=\"https:\/\/www.campcation.se\/de\/campsite\/torso-camping\">Campcation <\/a>f\u00fcr den besten<\/strong> Preis, Ring auf Nummer 0709-277700 oder email zu info@tbif.se.<\/p>\r\n\r\n<figure><img loading=\"lazy\" decoding=\"async\" class=\"\" src=\"http:\/\/media.tbif.se\/2020\/07\/Ingemar-Carlstr%C3%B6m-0101-1024x767.jpg\" alt=\"\" width=\"541\" height=\"405\" \/><\/figure>\r\n\r\n\r\n\r\n<p><img loading=\"lazy\" decoding=\"async\" class=\"alignnone size-thumbnail wp-image-3610\" src=\"http:\/\/media.tbif.se\/2025\/05\/Campingplats-150x150.png\" alt=\"\" width=\"150\" height=\"150\" \/><\/p>\r\n\r\n\r\n\r\n<p>&nbsp;<\/p>\r\n","protected":false},"excerpt":{"rendered":"<p>Tors\u00f6 Bygdeg\u00e5rds &amp; Idrottsf\u00f6rening (TBIF) Tors\u00f6 IF bildades 1934 och Tors\u00f6 bygdeg\u00e5rdsf\u00f6rening bildades 1949 slogs samman till Tors\u00f6 Bygdeg\u00e5rds &amp; idrottsf\u00f6rening \u00e5r 1991.Tors\u00f6 BIF:s anl\u00e4ggning, som ligger vid F\u00e5gel\u00f6viken p\u00e5 Tors\u00f6, best\u00e5r av Tors\u00f6 Bygdeg\u00e5rd med b\u00e5de stora och sm\u00e5 &hellip; <a href=\"https:\/\/hemsida.tbif.se\/\">Forts\u00e4tt l\u00e4sa <span class=\"meta-nav\">&rarr;<\/span><\/a><\/p>\n","protected":false},"author":1,"featured_media":0,"parent":0,"menu_order":10,"comment_status":"closed","ping_status":"closed","template":"","meta":{"footnotes":""},"_links":{"self":[{"href":"https:\/\/hemsida.tbif.se\/index.php?rest_route=\/wp\/v2\/pages\/368"}],"collection":[{"href":"https:\/\/hemsida.tbif.se\/index.php?rest_route=\/wp\/v2\/pages"}],"about":[{"href":"https:\/\/hemsida.tbif.se\/index.php?rest_route=\/wp\/v2\/types\/page"}],"author":[{"embeddable":true,"href":"https:\/\/hemsida.tbif.se\/index.php?rest_route=\/wp\/v2\/users\/1"}],"replies":[{"embeddable":true,"href":"https:\/\/hemsida.tbif.se\/index.php?rest_route=%2Fwp%2Fv2%2Fcomments&post=368"}],"version-history":[{"count":277,"href":"https:\/\/hemsida.tbif.se\/index.php?rest_route=\/wp\/v2\/pages\/368\/revisions"}],"predecessor-version":[{"id":3632,"href":"https:\/\/hemsida.tbif.se\/index.php?rest_route=\/wp\/v2\/pages\/368\/revisions\/3632"}],"wp:attachment":[{"href":"https:\/\/hemsida.tbif.se\/index.php?rest_route=%2Fwp%2Fv2%2Fmedia&parent=368"}],"curies":[{"name":"wp","href":"https:\/\/api.w.org\/{rel}","templated":true}]}}