{"id":375,"date":"2012-03-08T22:54:56","date_gmt":"2012-03-08T21:54:56","guid":{"rendered":"http:\/\/tbif.se\/?page_id=375"},"modified":"2025-11-17T17:38:14","modified_gmt":"2025-11-17T16:38:14","slug":"nyheter","status":"publish","type":"page","link":"https:\/\/hemsida.tbif.se\/?page_id=375","title":{"rendered":"Nyheter"},"content":{"rendered":"<div class=\"Preview_row__3Fkye row\">\n<div class=\"Preview_componentWrapper__2i4QI\" data-id=\"B7550D29-7458-4181-9CD7-003088F7AE4A\" data-kind=\"TEXT\">\n<div class=\"Preview_component__SbiKo text-align-null\" data-in-template=\"false\" data-id=\"B7550D29-7458-4181-9CD7-003088F7AE4A\" data-kind=\"Component\" data-specific-kind=\"TEXT\">\n<div class=\"styles_contentContainer__lrPIa textnormal styles_text__3jGMu styles_invalidateHighlightAndShadows__2W3IH Black themeTextClass\" data-mve-font-change=\"0\">\n<h1>St\u00e4ddag l\u00f6rdagen den 1 november 9.00<\/h1>\n<p><img decoding=\"async\" class=\"alignnone size-thumbnail wp-image-3651\" src=\"http:\/\/media.tbif.se\/2025\/10\/Staddag-150x150.png\" alt=\"\" width=\"150\" height=\"150\" \/><\/p>\n<h1><\/h1>\n<h1><\/h1>\n<\/div>\n<\/div>\n<\/div>\n<\/div>\n<div class=\"Preview_row__3Fkye row\">\n<div class=\"Preview_componentWrapper__2i4QI\" data-id=\"EA1A56C6-1D4F-409D-91D7-56B56610C6CF\" data-kind=\"TEXT\">\n<div class=\"Preview_component__SbiKo text-align-null\" data-in-template=\"false\" data-id=\"EA1A56C6-1D4F-409D-91D7-56B56610C6CF\" data-kind=\"Component\" data-specific-kind=\"TEXT\">\n<div class=\"styles_contentContainer__lrPIa textnormal styles_text__3jGMu styles_invalidateHighlightAndShadows__2W3IH Black themeTextClass\" data-mve-font-change=\"0\">\n<p><span style=\"color: #000000; font-size: 2.4em;\">G\u00e5fotbollen\u00a0<\/span><\/p>\n<\/div>\n<\/div>\n<\/div>\n<\/div>\n<h3><a href=\"http:\/\/media.tbif.se\/2025\/05\/Gafotboll.png\"><img fetchpriority=\"high\" decoding=\"async\" class=\"alignnone wp-image-3615\" src=\"http:\/\/media.tbif.se\/2025\/05\/Gafotboll-150x150.png\" alt=\"\" width=\"255\" height=\"255\" \/><\/a><\/h3>\n","protected":false},"excerpt":{"rendered":"<p>St\u00e4ddag l\u00f6rdagen den 1 november 9.00 G\u00e5fotbollen\u00a0<\/p>\n","protected":false},"author":1,"featured_media":0,"parent":0,"menu_order":15,"comment_status":"closed","ping_status":"closed","template":"","meta":{"footnotes":""},"_links":{"self":[{"href":"https:\/\/hemsida.tbif.se\/index.php?rest_route=\/wp\/v2\/pages\/375"}],"collection":[{"href":"https:\/\/hemsida.tbif.se\/index.php?rest_route=\/wp\/v2\/pages"}],"about":[{"href":"https:\/\/hemsida.tbif.se\/index.php?rest_route=\/wp\/v2\/types\/page"}],"author":[{"embeddable":true,"href":"https:\/\/hemsida.tbif.se\/index.php?rest_route=\/wp\/v2\/users\/1"}],"replies":[{"embeddable":true,"href":"https:\/\/hemsida.tbif.se\/index.php?rest_route=%2Fwp%2Fv2%2Fcomments&post=375"}],"version-history":[{"count":282,"href":"https:\/\/hemsida.tbif.se\/index.php?rest_route=\/wp\/v2\/pages\/375\/revisions"}],"predecessor-version":[{"id":3567,"href":"https:\/\/hemsida.tbif.se\/index.php?rest_route=\/wp\/v2\/pages\/375\/revisions\/3567"}],"wp:attachment":[{"href":"https:\/\/hemsida.tbif.se\/index.php?rest_route=%2Fwp%2Fv2%2Fmedia&parent=375"}],"curies":[{"name":"wp","href":"https:\/\/api.w.org\/{rel}","templated":true}]}}