{"id":670,"date":"2013-06-09T16:18:26","date_gmt":"2013-06-09T14:18:26","guid":{"rendered":"http:\/\/tbif.se\/?page_id=670"},"modified":"2024-04-25T12:02:59","modified_gmt":"2024-04-25T10:02:59","slug":"att-hyra-boende","status":"publish","type":"page","link":"https:\/\/hemsida.tbif.se\/?page_id=670","title":{"rendered":"Uthyrning"},"content":{"rendered":"<p>Tors\u00f6 Bygdeg\u00e5rds och idrottsf\u00f6renings anl\u00e4ggning erbjuder flera alternativ f\u00f6r uthyrning f\u00f6r boende, camping, m\u00f6te, l\u00e4ger\u00a0och fest. Men ocks\u00e5 olika alternativ f\u00f6r fysisk aktivitet t ex tennisbana och kajak.<br \/>\nCampingen bokas online via <a href=\"https:\/\/www.campcation.se\/sv\/campsite\/torso-camping\" target=\"_blank\" rel=\"noopener\"><strong>Campcation<\/strong><\/a><br \/>\n<a href=\"https:\/\/www.campcation.se\/sv\/campsite\/torso-camping\"><img fetchpriority=\"high\" decoding=\"async\" class=\"\" src=\"http:\/\/media.tbif.se\/2023\/01\/Onlinebokning.png\" alt=\"\" width=\"633\" height=\"87\" \/><\/a><br \/>\n<a href=\"http:\/\/media.tbif.se\/2012\/04\/Bygdeg\u00e5rden1.jpg\"><img decoding=\"async\" class=\"\" src=\"http:\/\/media.tbif.se\/2012\/04\/Bygdeg\u00e5rden1-1024x662.jpg\" alt=\"Bygdeg\u00e5rden\" width=\"637\" height=\"412\" \/><\/a><\/p>\n<h2 style=\"text-align: left;\"><strong>Bygdeg\u00e5rden<\/strong><\/h2>\n<p style=\"text-align: justify;\">Tors\u00f6 Bygdeg\u00e5rd \u00e4r bel\u00e4gen mitt p\u00e5 \u00f6n vid F\u00e5gel\u00f6viken. Bygdeg\u00e5rden \u00e4gs och drivs av Tors\u00f6 Bygdeg\u00e5rds\u00a0&amp; Idrottsf\u00f6rening. Framf\u00f6r Bygdeg\u00e5rden vid vattnet har TBIF sin fotbollsplan Strandvallen. Alldeles intill Bygdeg\u00e5rden finns Tors\u00f6 Camping med campingstugor och plats f\u00f6r husvagnar\/husbilar och t\u00e4lt. Sommartid \u00e4ven kiosk.<\/p>\n<p style=\"text-align: justify;\">Bygdeg\u00e5rden har en stor samlingssal som l\u00e4mpar sig bra f\u00f6r fester, br\u00f6llop, m\u00f6ten och m\u00e5nga andra aktiviteter. Stora samlingssalen kan man duka f\u00f6r ca 80-90 personer. Fullutrustat k\u00f6k finns i direkt anslutning. I samlingssalen finns \u00e4ven en scen och projektor som kan anv\u00e4ndas f\u00f6r presentationer och filmvisning. H\u00e4r finns \u00e4ven en ljudanl\u00e4ggning. Med sin direkta n\u00e4rhet till fotbollsplanen l\u00e4mpar sig lokalen utm\u00e4rkt f\u00f6r fotbollsl\u00e4ger. P\u00e5 \u00f6verv\u00e5ningen finns ett mindre konferensrum med plats f\u00f6r cirka 14 personer det finns \u00e4ven tillg\u00e5ng till kanon. Bygdeg\u00e5rden har ett v\u00e4l fungerande k\u00f6k med snabbdiskmaskin, nya dubbla spisar och bra med kyl och frysm\u00f6jligheter. Det finns porslin och plats f\u00f6r ca 120 matg\u00e4ster.<\/p>\n<p style=\"text-align: justify;\">I k\u00e4llaren finns omkl\u00e4dningsrum, duschar, bastu och gym.<\/p>\n<p style=\"text-align: justify;\">Vill du boka bygdeg\u00e5rden kontakta v\u00e5r bokningsv\u00e4rd p\u00e5 telefon 070-927 77 00<\/p>\n","protected":false},"excerpt":{"rendered":"<p>Tors\u00f6 Bygdeg\u00e5rds och idrottsf\u00f6renings anl\u00e4ggning erbjuder flera alternativ f\u00f6r uthyrning f\u00f6r boende, camping, m\u00f6te, l\u00e4ger\u00a0och fest. Men ocks\u00e5 olika alternativ f\u00f6r fysisk aktivitet t ex tennisbana och kajak. Campingen bokas online via Campcation Bygdeg\u00e5rden Tors\u00f6 Bygdeg\u00e5rd \u00e4r bel\u00e4gen mitt p\u00e5 &hellip; <a href=\"https:\/\/hemsida.tbif.se\/?page_id=670\">Forts\u00e4tt l\u00e4sa <span class=\"meta-nav\">&rarr;<\/span><\/a><\/p>\n","protected":false},"author":1,"featured_media":0,"parent":0,"menu_order":20,"comment_status":"closed","ping_status":"open","template":"onecolumn-page.php","meta":{"footnotes":""},"_links":{"self":[{"href":"https:\/\/hemsida.tbif.se\/index.php?rest_route=\/wp\/v2\/pages\/670"}],"collection":[{"href":"https:\/\/hemsida.tbif.se\/index.php?rest_route=\/wp\/v2\/pages"}],"about":[{"href":"https:\/\/hemsida.tbif.se\/index.php?rest_route=\/wp\/v2\/types\/page"}],"author":[{"embeddable":true,"href":"https:\/\/hemsida.tbif.se\/index.php?rest_route=\/wp\/v2\/users\/1"}],"replies":[{"embeddable":true,"href":"https:\/\/hemsida.tbif.se\/index.php?rest_route=%2Fwp%2Fv2%2Fcomments&post=670"}],"version-history":[{"count":15,"href":"https:\/\/hemsida.tbif.se\/index.php?rest_route=\/wp\/v2\/pages\/670\/revisions"}],"predecessor-version":[{"id":3175,"href":"https:\/\/hemsida.tbif.se\/index.php?rest_route=\/wp\/v2\/pages\/670\/revisions\/3175"}],"wp:attachment":[{"href":"https:\/\/hemsida.tbif.se\/index.php?rest_route=%2Fwp%2Fv2%2Fmedia&parent=670"}],"curies":[{"name":"wp","href":"https:\/\/api.w.org\/{rel}","templated":true}]}}