{"id":673,"date":"2013-06-09T16:27:52","date_gmt":"2013-06-09T14:27:52","guid":{"rendered":"http:\/\/tbif.se\/?page_id=673"},"modified":"2024-09-13T10:06:30","modified_gmt":"2024-09-13T08:06:30","slug":"camping-2","status":"publish","type":"page","link":"https:\/\/hemsida.tbif.se\/?page_id=673","title":{"rendered":"CAMPING"},"content":{"rendered":"<h1 style=\"text-align: center;\">\u00a0<strong><span style=\"color: #000000;\">V\u00e4lkommen till Tors\u00f6 Camping vid V\u00e4nerns strand!<\/span><\/strong><\/h1>\r\n<p style=\"text-align: left;\"><em>V\u00c4LKOMNA ATT BO HOS OSS! VILL DU BOKA STUGA, PLATS F\u00d6R HUSVAGN\/HUSBIL ELLER T\u00c4LTA? <\/em><\/p>\r\n<p><strong>BOKA ONLINE F\u00d6R B\u00c4STA PRIS VIA\u00a0<a href=\"https:\/\/www.campcation.se\/sv\/campsite\/torso-camping\/\">CAMPCATION\u00a0<\/a><\/strong>GENOM L\u00c4NKEN NEDAN, \u201d KONTAKTA OSS VIA TELEFON 0709-277700 ELLER MEJLA TILL INFO@TBIF.SE. CAMPINGEN \u00c4R OBEMANNAD UNDER L\u00c5GS\u00c4SONG.\u00a0<\/p>\r\n<p><a href=\"https:\/\/www.campcation.se\/sv\/campsite\/torso-camping\/\" target=\"_blank\" rel=\"noopener\"><img decoding=\"async\" class=\"alignnone wp-image-2836 \" src=\"http:\/\/media.tbif.se\/2023\/01\/Onlinebokning-e1726214405432.png\" alt=\"\" width=\"550\" height=\"76\" \/><\/a><\/p>\r\n<p>WELCOME TO STAY IN OUR CAMPING! DO YOU WANT TO RENT A CAMPING CABIN, A CAMPSITE FOR CARAVAN\/ MOTORHOME OR TENT?<\/p>\r\n<p><strong>BOOK ONLINE FOR THE BEST PRICE VIA<\/strong>\u00a0<a href=\"https:\/\/www.campcation.se\/en\/campsite\/torso-camping\/\"><strong>CAMPCATION<\/strong><\/a>\u201d, CALL US ON 0709-277700 OR SEND A EMAIL TO info@tbif.se THE RECEPTION IS UNMANNED DURING LOWSEASON. WELCOME!<\/p>\r\n<p><a href=\"https:\/\/www.campcation.se\/en\/campsite\/torso-camping\/\" target=\"_blank\" rel=\"noopener\"><img decoding=\"async\" class=\"alignnone wp-image-2837 \" src=\"http:\/\/media.tbif.se\/2023\/01\/Onlinebokning-ENG-e1726214446683.png\" alt=\"\" width=\"546\" height=\"75\" \/><\/a><\/p>\r\n<p>WILLKOMMEN AUF UNSEREM CAMPINGPLATZ!\u00a0<strong>Buchen Sie online \u00fcber\u00a0<a href=\"https:\/\/www.campcation.se\/de\/campsite\/torso-camping\">Campcation\u00a0<\/a>f\u00fcr den besten<\/strong>\u00a0Preis, Ring auf Nummer 0709-277700 oder email zu info@tbif.se.<\/p>\r\n<p><a href=\"https:\/\/www.campcation.se\/DE\/campsite\/torso-camping\/\" target=\"_blank\" rel=\"noopener\"><img decoding=\"async\" class=\"alignnone wp-image-2847\" src=\"http:\/\/media.tbif.se\/2023\/01\/Onlinebokning-DE.png\" alt=\"\" width=\"546\" height=\"75\" \/><\/a><\/p>\r\n<p style=\"text-align: center;\">\u00a0<\/p>\r\n\r\n<p class=\"has-text-align-left has-black-color has-pale-cyan-blue-background-color has-text-color has-background has-medium-font-size\">\u00a0<\/p>\r\n\r\n<p>&nbsp;<\/p>\r\n<p style=\"text-align: center;\">G\u00c4LLER DET FRAMTIDA BOKNINGAR KOLLA VIA ONLINE BOKNING (CAMPCATION), MEJLA TILL info@tbif.se ELLER H\u00d6R AV ER P\u00c5 0709-277700<\/p>\r\n<p style=\"text-align: center;\">\u00c4R NI P\u00c5 PLATS OCH NI INTE F\u00c5R SVAR P\u00c5 070-927 77 00, G\u00c5 IN OCH BOKA ONLINE S\u00c5 SER NI VILKA PLATSER SOM FINNS TILLG\u00c4NGLIGA.<\/p>\r\n<p style=\"text-align: center;\"><strong><em>Vi erbjuder en naturn\u00e4ra liten camping med n\u00e4rhet till naturen och v\u00e4nern<\/em><\/strong><\/p>\r\n<p style=\"text-align: center;\"><strong><em>VARMT V\u00c4LKOMNA!<\/em><\/strong><\/p>\r\n<p><a href=\"http:\/\/media.tbif.se\/2021\/07\/Campingen-scaled.jpg\"><img loading=\"lazy\" decoding=\"async\" class=\"alignleft wp-image-2557\" src=\"http:\/\/media.tbif.se\/2021\/07\/Campingen-300x169.jpg\" alt=\"\" width=\"453\" height=\"255\" \/><\/a><\/p>\r\n<p style=\"text-align: center;\">\u00a0<\/p>\r\n<p style=\"text-align: left;\">\u00a0<\/p>\r\n<p>&nbsp;<\/p>\r\n<p>&nbsp;<\/p>\r\n<p>&nbsp;<\/p>\r\n<p>&nbsp;<\/p>\r\n<p style=\"text-align: left;\"><span style=\"color: #000000;\"><strong>Priser<\/strong>:<\/span><\/p>\r\n<table width=\"683\">\r\n<tbody>\r\n<tr>\r\n<td width=\"343\"><strong>Camping<\/strong><\/td>\r\n<td width=\"340\">\u00a0<\/td>\r\n<\/tr>\r\n<tr>\r\n<td>Husvagn\/husbil och kombivagn (H\u00f6gs\u00e4song 1\/6-31\/8)<\/td>\r\n<td>240 kr\/dygn<\/td>\r\n<\/tr>\r\n<tr>\r\n<td>Husvagn\/husbil och kombivagn (L\u00e5gs\u00e4song 1\/9-31\/5)<\/td>\r\n<td>200 kr\/dygn<\/td>\r\n<\/tr>\r\n<tr>\r\n<td>T\u00e4lt med bil , motorscykel etc. (H\u00f6gs\u00e4song 1\/6-31\/8)<\/td>\r\n<td>190 kr\/dygn<\/td>\r\n<\/tr>\r\n<tr>\r\n<td>T\u00e4lt med bil , motorscykel etc. (L\u00e5gs\u00e4song 1\/9-31\/5)<\/td>\r\n<td>170 kr\/dygn<\/td>\r\n<\/tr>\r\n<tr>\r\n<td>El till husvagn, husbil, t\u00e4lt och kombivagn<\/td>\r\n<td>40 kr\/dygn<\/td>\r\n<\/tr>\r\n<tr>\r\n<td>\u00a0<\/td>\r\n<td>\u00a0<\/td>\r\n<\/tr>\r\n<tr>\r\n<td><strong>Midsommar fre &#8211; l\u00f6r<\/strong><\/td>\r\n<td>\u00a0<\/td>\r\n<\/tr>\r\n<tr>\r\n<td>Husvagn\/husbil och kombivagn<\/td>\r\n<td>460 kr plus ev EL 40 per dygn<\/td>\r\n<\/tr>\r\n<tr>\r\n<td>T\u00e4lt med bil<\/td>\r\n<td>380 kr<\/td>\r\n<\/tr>\r\n<\/tbody>\r\n<\/table>\r\n<p style=\"text-align: left;\"><span style=\"color: #000000;\"><span style=\"color: #000000;\">Cyklar, roddb\u00e5t och kajaker finns att hyra.<\/span><\/span><\/p>\r\n<p><a href=\"https:\/\/www.campcation.se\/SV\/campsite\/torso-camping\/\" target=\"_blank\" rel=\"noopener\"><img loading=\"lazy\" decoding=\"async\" class=\"alignnone wp-image-2836 size-full\" src=\"http:\/\/media.tbif.se\/2023\/01\/Onlinebokning.png\" alt=\"\" width=\"820\" height=\"113\" \/><\/a><\/p>\r\n<p style=\"text-align: left;\"><span style=\"color: #000000;\"><strong>Bokning sker via boka online eller bokningsv\u00e4rd p\u00e5 telefon\u00a0 070-927 77 00<br \/>Sommartid: Campingv\u00e4rden svarar s\u00e4krast mellan 10-12 och 18-20.<br \/>Du kan \u00e4ven g\u00f6ra en bokningsf\u00f6rfr\u00e5gan via sms till ovanst\u00e5ende nummer eller via mail till info@tbif.se<br \/><\/strong><\/span><\/p>\r\n<p>&nbsp;<\/p>\r\n\r\n<figure class=\"wp-block-image size-large\"><a href=\"http:\/\/media.tbif.se\/2021\/07\/brandinfo-campinggast.jpg\"><img loading=\"lazy\" decoding=\"async\" class=\"alignnone wp-image-2559\" src=\"http:\/\/media.tbif.se\/2021\/07\/brandinfo-campinggast-710x1024.jpg\" alt=\"\" width=\"710\" height=\"1024\" \/><\/a><\/figure>\r\n\r\n\r\n\r\n<p>&nbsp;<\/p>\r\n","protected":false},"excerpt":{"rendered":"<p>\u00a0V\u00e4lkommen till Tors\u00f6 Camping vid V\u00e4nerns strand! V\u00c4LKOMNA ATT BO HOS OSS! VILL DU BOKA STUGA, PLATS F\u00d6R HUSVAGN\/HUSBIL ELLER T\u00c4LTA? BOKA ONLINE F\u00d6R B\u00c4STA PRIS VIA\u00a0CAMPCATION\u00a0GENOM L\u00c4NKEN NEDAN, \u201d KONTAKTA OSS VIA TELEFON 0709-277700 ELLER MEJLA TILL INFO@TBIF.SE. CAMPINGEN &hellip; <a href=\"https:\/\/hemsida.tbif.se\/?page_id=673\">Forts\u00e4tt l\u00e4sa <span class=\"meta-nav\">&rarr;<\/span><\/a><\/p>\n","protected":false},"author":1,"featured_media":0,"parent":670,"menu_order":50,"comment_status":"closed","ping_status":"open","template":"onecolumn-page.php","meta":{"footnotes":""},"_links":{"self":[{"href":"https:\/\/hemsida.tbif.se\/index.php?rest_route=\/wp\/v2\/pages\/673"}],"collection":[{"href":"https:\/\/hemsida.tbif.se\/index.php?rest_route=\/wp\/v2\/pages"}],"about":[{"href":"https:\/\/hemsida.tbif.se\/index.php?rest_route=\/wp\/v2\/types\/page"}],"author":[{"embeddable":true,"href":"https:\/\/hemsida.tbif.se\/index.php?rest_route=\/wp\/v2\/users\/1"}],"replies":[{"embeddable":true,"href":"https:\/\/hemsida.tbif.se\/index.php?rest_route=%2Fwp%2Fv2%2Fcomments&post=673"}],"version-history":[{"count":55,"href":"https:\/\/hemsida.tbif.se\/index.php?rest_route=\/wp\/v2\/pages\/673\/revisions"}],"predecessor-version":[{"id":3506,"href":"https:\/\/hemsida.tbif.se\/index.php?rest_route=\/wp\/v2\/pages\/673\/revisions\/3506"}],"up":[{"embeddable":true,"href":"https:\/\/hemsida.tbif.se\/index.php?rest_route=\/wp\/v2\/pages\/670"}],"wp:attachment":[{"href":"https:\/\/hemsida.tbif.se\/index.php?rest_route=%2Fwp%2Fv2%2Fmedia&parent=673"}],"curies":[{"name":"wp","href":"https:\/\/api.w.org\/{rel}","templated":true}]}}