{"id":675,"date":"2013-06-09T16:40:27","date_gmt":"2013-06-09T14:40:27","guid":{"rendered":"http:\/\/tbif.se\/?page_id=675"},"modified":"2024-06-29T14:46:35","modified_gmt":"2024-06-29T12:46:35","slug":"midsommar-fester","status":"publish","type":"page","link":"https:\/\/hemsida.tbif.se\/?page_id=675","title":{"rendered":"Midsommarfest"},"content":{"rendered":"\r\n<h2 style=\"text-align: center;\">\u00c4nnu en midsommar har firats vid v\u00e5r fina bygdeg\u00e5rd och fotbollsplan p\u00e5 Tors\u00f6.<\/h2>\r\n<h2 style=\"text-align: center;\">Mariestadstidningen gjorde ett riktigt trevligt repotage om detta. Klicka p\u00e5 bilden f\u00f6r at l\u00e4sa:<\/h2>\r\n<figure><\/figure>\r\n<figure><a href=\"https:\/\/www.mariestadstidningen.se\/2024\/06\/21\/midsommarfirandet-pa-torso-blev-en-lyckad-folkfest-99995\/\"><img fetchpriority=\"high\" decoding=\"async\" class=\"alignnone size-large wp-image-3463\" src=\"http:\/\/media.tbif.se\/2024\/06\/Midsommar-2024-mt1-1024x683.jpg\" alt=\"\" width=\"640\" height=\"427\" \/><\/a><\/figure>\r\n\r\n<p>&nbsp;<\/p>\r\n<p>Varje \u00e5r arrangerar Tors\u00f6 bygdeg\u00e5rd- och idrottsf\u00f6rening ett traditionsrikt och v\u00e4lbes\u00f6kt midsommarfirande.<\/p>\r\n<p style=\"text-align: center;\"><a href=\"http:\/\/media.tbif.se\/2012\/03\/IMG_0151.jpg\"><img decoding=\"async\" src=\"http:\/\/media.tbif.se\/2012\/03\/IMG_0151-1024x768.jpg\" alt=\"Midsommar 2012\" width=\"640\" height=\"480\" \/><\/a><\/p>\r\n<p>\u00a0Med dans kring midsommarst\u00e5ngen, chokladhjul, lotterier och m\u00e5nga andra t\u00e4vlingar och aktiviteter. Fika, glass, korv, dricka och godis finns att k\u00f6pa under festligheterna.<\/p>\r\n<h2 style=\"text-align: left;\">V\u00e4lkommen att fira midsommar hos oss!<\/h2>","protected":false},"excerpt":{"rendered":"<p>&nbsp; Varje \u00e5r arrangerar Tors\u00f6 bygdeg\u00e5rd- och idrottsf\u00f6rening ett traditionsrikt och v\u00e4lbes\u00f6kt midsommarfirande. \u00a0Med dans kring midsommarst\u00e5ngen, chokladhjul, lotterier och m\u00e5nga andra t\u00e4vlingar och aktiviteter. Fika, glass, korv, dricka och godis finns att k\u00f6pa under festligheterna. V\u00e4lkommen att fira midsommar &hellip; <a href=\"https:\/\/hemsida.tbif.se\/?page_id=675\">Forts\u00e4tt l\u00e4sa <span class=\"meta-nav\">&rarr;<\/span><\/a><\/p>\n","protected":false},"author":1,"featured_media":0,"parent":0,"menu_order":70,"comment_status":"closed","ping_status":"open","template":"onecolumn-page.php","meta":{"footnotes":""},"_links":{"self":[{"href":"https:\/\/hemsida.tbif.se\/index.php?rest_route=\/wp\/v2\/pages\/675"}],"collection":[{"href":"https:\/\/hemsida.tbif.se\/index.php?rest_route=\/wp\/v2\/pages"}],"about":[{"href":"https:\/\/hemsida.tbif.se\/index.php?rest_route=\/wp\/v2\/types\/page"}],"author":[{"embeddable":true,"href":"https:\/\/hemsida.tbif.se\/index.php?rest_route=\/wp\/v2\/users\/1"}],"replies":[{"embeddable":true,"href":"https:\/\/hemsida.tbif.se\/index.php?rest_route=%2Fwp%2Fv2%2Fcomments&post=675"}],"version-history":[{"count":30,"href":"https:\/\/hemsida.tbif.se\/index.php?rest_route=\/wp\/v2\/pages\/675\/revisions"}],"predecessor-version":[{"id":3464,"href":"https:\/\/hemsida.tbif.se\/index.php?rest_route=\/wp\/v2\/pages\/675\/revisions\/3464"}],"wp:attachment":[{"href":"https:\/\/hemsida.tbif.se\/index.php?rest_route=%2Fwp%2Fv2%2Fmedia&parent=675"}],"curies":[{"name":"wp","href":"https:\/\/api.w.org\/{rel}","templated":true}]}}