{"id":680,"date":"2013-06-09T16:51:24","date_gmt":"2013-06-09T14:51:24","guid":{"rendered":"http:\/\/tbif.se\/?page_id=680"},"modified":"2025-05-12T20:26:23","modified_gmt":"2025-05-12T18:26:23","slug":"sponsorer","status":"publish","type":"page","link":"https:\/\/hemsida.tbif.se\/?page_id=680","title":{"rendered":"Sponsorer TBIF"},"content":{"rendered":"\r\n<p>&nbsp;<\/p>\r\n\r\n<h1>Stort Tack till Alla v\u00e5ra sponsorer!!<\/h1>\r\n<h2>Vill du ocks\u00e5 bli en av v\u00e5ra viktiga sponsorer?<\/h2>\r\n<h3>H\u00f6r av dig till oss p\u00e5 info@tbif.se<\/h3>\r\n<p>&nbsp;<\/p>\r\n<ul>\r\n<li><strong>ASM, Anderssons Svets och Maskin<\/strong><\/li>\r\n<li><strong>Billinge energi<\/strong><\/li>\r\n<li><strong>Borgunda bygghandel<\/strong><\/li>\r\n<li><strong>Br\u00f6derna Perssons R\u00d6R AB<\/strong><\/li>\r\n<li><strong>Collorama Mariestad<\/strong><\/li>\r\n<li><strong>Daloc<\/strong><\/li>\r\n<li><strong>DS Smith<\/strong><\/li>\r\n<li><strong>Eklind gr\u00e4v<\/strong><\/li>\r\n<li><strong>Farmartj\u00e4nst Mariestad AB<\/strong><\/li>\r\n<li><strong>Hjalmarssons R\u00f6r AB<\/strong><\/li>\r\n<li><strong>Ica Kvantum Oxen<\/strong><\/li>\r\n<li><strong>Kjellstr\u00f6ms elektriska AB<\/strong><\/li>\r\n<li><strong>Kvalitud<\/strong><\/li>\r\n<li><strong>Laxhall krog hotell konferens<\/strong><\/li>\r\n<li><strong>LG contracting<\/strong><\/li>\r\n<li><strong>Lugn\u00e5s maskin VVS AB<\/strong><\/li>\r\n<li><strong>L\u00e4nsf\u00f6rs\u00e4kringar Skaraborg<\/strong><\/li>\r\n<li><strong>L\u00f6vgrens bygg AB<\/strong><\/li>\r\n<li><strong>MannTek<\/strong><\/li>\r\n<li><strong>Marieholms montage<\/strong><\/li>\r\n<li><strong>Masma<\/strong><\/li>\r\n<li><strong>Mets\u00e4 Tissue<\/strong><\/li>\r\n<li><strong>Norlanders Radio och Tv<\/strong><\/li>\r\n<li><strong>Novab<\/strong><\/li>\r\n<li><strong>PAs Bygg AB<\/strong><\/li>\r\n<li><strong>Revisionsbyr\u00e5n Christer Jansson<\/strong><\/li>\r\n<li><strong>Revitalis<\/strong><\/li>\r\n<li><strong>R Golv Skaraborg<\/strong><\/li>\r\n<li><strong>Skoglund industri AB<\/strong><\/li>\r\n<li><strong>Skylt och Tryck i Mariestad AB<\/strong><\/li>\r\n<li><strong>Sk\u00e4rg\u00e5rdsnjut<\/strong><\/li>\r\n<li><strong>Svensk fastighetsf\u00f6rmedling<\/strong><\/li>\r\n<li><strong>Svetsbolaget Conrad &amp; Co<\/strong><\/li>\r\n<li><strong>T. Ericsson Consulting AB<\/strong><\/li>\r\n<li><strong>Thorold bygg<\/strong><\/li>\r\n<li><strong>Tors\u00f6 entreprenad<\/strong><\/li>\r\n<li><strong>Tors\u00f6l microbryggeri<\/strong><\/li>\r\n<li><strong>Tors\u00f6 Mj\u00f6lk AB<\/strong><\/li>\r\n<li><strong>Tors\u00f6 Sk\u00e4rg\u00e5rdsskola<\/strong><\/li>\r\n<li><strong>Uw-elast<\/strong><\/li>\r\n<li><strong>WL Lantbruk AB<\/strong><\/li>\r\n<li><strong>V\u00e4nerEnergi AB<\/strong><\/li>\r\n<li><strong>V\u00e4sterg\u00e5rden Badbalja<\/strong><\/li>\r\n<li><strong>V\u00e4nertrolling<\/strong><\/li>\r\n<li><strong>XR milj\u00f6hantering<\/strong><\/li>\r\n<\/ul>","protected":false},"excerpt":{"rendered":"<p>&nbsp; Stort Tack till Alla v\u00e5ra sponsorer!! Vill du ocks\u00e5 bli en av v\u00e5ra viktiga sponsorer? H\u00f6r av dig till oss p\u00e5 info@tbif.se &nbsp; ASM, Anderssons Svets och Maskin Billinge energi Borgunda bygghandel Br\u00f6derna Perssons R\u00d6R AB Collorama Mariestad Daloc &hellip; <a href=\"https:\/\/hemsida.tbif.se\/?page_id=680\">Forts\u00e4tt l\u00e4sa <span class=\"meta-nav\">&rarr;<\/span><\/a><\/p>\n","protected":false},"author":1,"featured_media":0,"parent":107,"menu_order":50,"comment_status":"closed","ping_status":"open","template":"onecolumn-page.php","meta":{"footnotes":""},"_links":{"self":[{"href":"https:\/\/hemsida.tbif.se\/index.php?rest_route=\/wp\/v2\/pages\/680"}],"collection":[{"href":"https:\/\/hemsida.tbif.se\/index.php?rest_route=\/wp\/v2\/pages"}],"about":[{"href":"https:\/\/hemsida.tbif.se\/index.php?rest_route=\/wp\/v2\/types\/page"}],"author":[{"embeddable":true,"href":"https:\/\/hemsida.tbif.se\/index.php?rest_route=\/wp\/v2\/users\/1"}],"replies":[{"embeddable":true,"href":"https:\/\/hemsida.tbif.se\/index.php?rest_route=%2Fwp%2Fv2%2Fcomments&post=680"}],"version-history":[{"count":18,"href":"https:\/\/hemsida.tbif.se\/index.php?rest_route=\/wp\/v2\/pages\/680\/revisions"}],"predecessor-version":[{"id":3608,"href":"https:\/\/hemsida.tbif.se\/index.php?rest_route=\/wp\/v2\/pages\/680\/revisions\/3608"}],"up":[{"embeddable":true,"href":"https:\/\/hemsida.tbif.se\/index.php?rest_route=\/wp\/v2\/pages\/107"}],"wp:attachment":[{"href":"https:\/\/hemsida.tbif.se\/index.php?rest_route=%2Fwp%2Fv2%2Fmedia&parent=680"}],"curies":[{"name":"wp","href":"https:\/\/api.w.org\/{rel}","templated":true}]}}