{"id":682,"date":"2013-06-09T18:30:34","date_gmt":"2013-06-09T16:30:34","guid":{"rendered":"http:\/\/tbif.se\/?page_id=682"},"modified":"2024-04-25T13:38:43","modified_gmt":"2024-04-25T11:38:43","slug":"campingstugor","status":"publish","type":"page","link":"https:\/\/hemsida.tbif.se\/?page_id=682","title":{"rendered":"Campingstugor"},"content":{"rendered":"<h2 style=\"text-align: left;\"><strong>Vid Tors\u00f6 Bygdeg\u00e5rd finns det campingstugor att hyra.<\/strong><\/h2>\r\n<p style=\"text-align: left;\">Stugorna Brom\u00f6, Dill\u00f6, Kalv\u00f6 och Ons\u00f6 (djur) ligger h\u00f6gt med utsikt \u00f6ver V\u00e4nern och v\u00e5r anl\u00e4ggning.<\/p>\r\n<p><a href=\"http:\/\/media.tbif.se\/2012\/01\/campingstugor.jpg\"><img fetchpriority=\"high\" decoding=\"async\" title=\"campingstugor\" src=\"http:\/\/media.tbif.se\/2012\/01\/campingstugor.jpg\" alt=\"\" width=\"600\" height=\"400\" \/><\/a><\/p>\r\n<p>V\u00e5ra sm\u00e5 stugor har 4 b\u00e4ddar, de \u00e4r utrustade med bord fyra stolar, tv\u00e5 stycken v\u00e5ningss\u00e4ngar. I stugorna finns det ocks\u00e5 kylsk\u00e5p, micro och kaffebryggare. Toaletter, dusch, pentry och tv\u00e4tt\/ torktumlare finns i k\u00e4llaren p\u00e5 bygdeg\u00e5rden som ligger precis bredvid.<\/p>\r\n<p><strong>F\u00f6r bokning av v\u00e5ra campingstugor<\/strong>, se tillg\u00e4nglighet direkt och boka i f\u00f6rv\u00e4g online f\u00f6r b\u00e4sta m\u00f6jliga pris.<\/p>\r\n<p><a href=\"https:\/\/www.campcation.se\/sv\/campsite\/torso-camping\" target=\"_blank\" rel=\"noopener\"><img decoding=\"async\" class=\"\" src=\"http:\/\/media.tbif.se\/2023\/01\/Onlinebokning.png\" alt=\"\" width=\"611\" height=\"84\" \/><\/a><\/p>\r\n<p>F\u00f6r mer information och fler bilder kontakta\u00a0v\u00e5r bokningsv\u00e4rd\u00a0p\u00e5 tel. 070-927 77 00 eller via mail p\u00e5 <a href=\"mailto:info@tbif.se\">info@tbif.se<\/a><\/p>\r\n<p style=\"text-align: center;\"><a href=\"http:\/\/media.tbif.se\/2012\/01\/608315_Popup_1292247017175875001.jpg\"><img decoding=\"async\" title=\"608315_Popup_129224701717587500\" src=\"http:\/\/media.tbif.se\/2012\/01\/608315_Popup_1292247017175875001-150x150.jpg\" alt=\"\" width=\"150\" height=\"150\" \/><\/a>\u00a0\u00a0\u00a0\u00a0\u00a0\u00a0\u00a0<a href=\"http:\/\/media.tbif.se\/2012\/01\/608316_Popup_1292247017177437501.jpg\"><img loading=\"lazy\" decoding=\"async\" title=\"608316_Popup_129224701717743750\" src=\"http:\/\/media.tbif.se\/2012\/01\/608316_Popup_1292247017177437501-150x150.jpg\" alt=\"\" width=\"150\" height=\"150\" \/><\/a><\/p>\r\n<p>&nbsp;<\/p>\r\n\r\n<p><a id=\"wp-block-file--media-be6419fa-2dcf-4bf7-8cff-954341d6c490\" href=\"http:\/\/media.tbif.se\/2021\/06\/Campingkarta-Torso.pdf\">Campingkarta-Torso<\/a><a href=\"http:\/\/media.tbif.se\/2021\/06\/Campingkarta-Torso.pdf\" download=\"\" aria-describedby=\"wp-block-file--media-be6419fa-2dcf-4bf7-8cff-954341d6c490\">Ladda ner<\/a><\/p>\r\n","protected":false},"excerpt":{"rendered":"<p>Vid Tors\u00f6 Bygdeg\u00e5rd finns det campingstugor att hyra. Stugorna Brom\u00f6, Dill\u00f6, Kalv\u00f6 och Ons\u00f6 (djur) ligger h\u00f6gt med utsikt \u00f6ver V\u00e4nern och v\u00e5r anl\u00e4ggning. V\u00e5ra sm\u00e5 stugor har 4 b\u00e4ddar, de \u00e4r utrustade med bord fyra stolar, tv\u00e5 stycken v\u00e5ningss\u00e4ngar. &hellip; <a href=\"https:\/\/hemsida.tbif.se\/?page_id=682\">Forts\u00e4tt l\u00e4sa <span class=\"meta-nav\">&rarr;<\/span><\/a><\/p>\n","protected":false},"author":1,"featured_media":0,"parent":670,"menu_order":40,"comment_status":"closed","ping_status":"open","template":"","meta":{"footnotes":""},"_links":{"self":[{"href":"https:\/\/hemsida.tbif.se\/index.php?rest_route=\/wp\/v2\/pages\/682"}],"collection":[{"href":"https:\/\/hemsida.tbif.se\/index.php?rest_route=\/wp\/v2\/pages"}],"about":[{"href":"https:\/\/hemsida.tbif.se\/index.php?rest_route=\/wp\/v2\/types\/page"}],"author":[{"embeddable":true,"href":"https:\/\/hemsida.tbif.se\/index.php?rest_route=\/wp\/v2\/users\/1"}],"replies":[{"embeddable":true,"href":"https:\/\/hemsida.tbif.se\/index.php?rest_route=%2Fwp%2Fv2%2Fcomments&post=682"}],"version-history":[{"count":32,"href":"https:\/\/hemsida.tbif.se\/index.php?rest_route=\/wp\/v2\/pages\/682\/revisions"}],"predecessor-version":[{"id":3218,"href":"https:\/\/hemsida.tbif.se\/index.php?rest_route=\/wp\/v2\/pages\/682\/revisions\/3218"}],"up":[{"embeddable":true,"href":"https:\/\/hemsida.tbif.se\/index.php?rest_route=\/wp\/v2\/pages\/670"}],"wp:attachment":[{"href":"https:\/\/hemsida.tbif.se\/index.php?rest_route=%2Fwp%2Fv2%2Fmedia&parent=682"}],"curies":[{"name":"wp","href":"https:\/\/api.w.org\/{rel}","templated":true}]}}