{"id":690,"date":"2013-06-09T18:40:40","date_gmt":"2013-06-09T16:40:40","guid":{"rendered":"http:\/\/tbif.se\/?page_id=690"},"modified":"2024-04-25T13:33:46","modified_gmt":"2024-04-25T11:33:46","slug":"bygdegarden","status":"publish","type":"page","link":"https:\/\/hemsida.tbif.se\/?page_id=690","title":{"rendered":"L\u00e4genheten &#8211; Djur\u00f6"},"content":{"rendered":"\r\n<p>L\u00e4genheten p\u00e5 \u00f6verv\u00e5ningen i bygdeg\u00e5rden har 7 b\u00e4ddar i tv\u00e5 rum.<\/p>\r\n\r\n\r\n\r\n<p>Boka g\u00e4rna i f\u00f6rv\u00e4g via v\u00e5r online bokning:<\/p>\r\n\r\n\r\n\r\n<figure><a href=\"https:\/\/www.campcation.se\/sv\/campsite\/torso-camping\/\" target=\"_blank\" rel=\"noopener\"><img decoding=\"async\" class=\"\" src=\"http:\/\/media.tbif.se\/2023\/01\/Onlinebokning.png\" alt=\"\" width=\"545\" height=\"75\" \/><\/a><\/figure>\r\n\r\n\r\n\r\n<figure><img fetchpriority=\"high\" decoding=\"async\" src=\"http:\/\/media.tbif.se\/2020\/05\/20190319_170327_IMG_0573_resized-1024x768.jpg\" alt=\"\" width=\"539\" height=\"404\" \/><\/figure>\r\n\r\n\r\n\r\n<figure><img decoding=\"async\" src=\"http:\/\/media.tbif.se\/2020\/05\/20190319_170322_IMG_0572_resized-1024x768.jpg\" alt=\"\" width=\"539\" height=\"404\" \/><\/figure>\r\n\r\n\r\n\r\n<figure><img loading=\"lazy\" decoding=\"async\" src=\"http:\/\/media.tbif.se\/2020\/05\/20180111_090904_IMG_0402_resized-1024x768.jpg\" alt=\"\" width=\"537\" height=\"403\" \/><\/figure>\r\n\r\n\r\n\r\n<figure><img loading=\"lazy\" decoding=\"async\" src=\"http:\/\/media.tbif.se\/2020\/05\/20150730_180953_IMG_0028_resized-225x300.jpg\" alt=\"\" width=\"252\" height=\"336\" \/><\/figure>\r\n","protected":false},"excerpt":{"rendered":"<p>L\u00e4genheten p\u00e5 \u00f6verv\u00e5ningen i bygdeg\u00e5rden har 7 b\u00e4ddar i tv\u00e5 rum. Boka g\u00e4rna i f\u00f6rv\u00e4g via v\u00e5r online bokning:<\/p>\n","protected":false},"author":1,"featured_media":0,"parent":670,"menu_order":10,"comment_status":"closed","ping_status":"open","template":"onecolumn-page.php","meta":{"footnotes":""},"_links":{"self":[{"href":"https:\/\/hemsida.tbif.se\/index.php?rest_route=\/wp\/v2\/pages\/690"}],"collection":[{"href":"https:\/\/hemsida.tbif.se\/index.php?rest_route=\/wp\/v2\/pages"}],"about":[{"href":"https:\/\/hemsida.tbif.se\/index.php?rest_route=\/wp\/v2\/types\/page"}],"author":[{"embeddable":true,"href":"https:\/\/hemsida.tbif.se\/index.php?rest_route=\/wp\/v2\/users\/1"}],"replies":[{"embeddable":true,"href":"https:\/\/hemsida.tbif.se\/index.php?rest_route=%2Fwp%2Fv2%2Fcomments&post=690"}],"version-history":[{"count":22,"href":"https:\/\/hemsida.tbif.se\/index.php?rest_route=\/wp\/v2\/pages\/690\/revisions"}],"predecessor-version":[{"id":3201,"href":"https:\/\/hemsida.tbif.se\/index.php?rest_route=\/wp\/v2\/pages\/690\/revisions\/3201"}],"up":[{"embeddable":true,"href":"https:\/\/hemsida.tbif.se\/index.php?rest_route=\/wp\/v2\/pages\/670"}],"wp:attachment":[{"href":"https:\/\/hemsida.tbif.se\/index.php?rest_route=%2Fwp%2Fv2%2Fmedia&parent=690"}],"curies":[{"name":"wp","href":"https:\/\/api.w.org\/{rel}","templated":true}]}}