{"id":755,"date":"2013-10-22T20:57:02","date_gmt":"2013-10-22T18:57:02","guid":{"rendered":"http:\/\/tbif.se\/?page_id=755"},"modified":"2024-04-14T18:26:47","modified_gmt":"2024-04-14T16:26:47","slug":"motion-idrott","status":"publish","type":"page","link":"https:\/\/hemsida.tbif.se\/?page_id=755","title":{"rendered":"Motion &#038; Idrott"},"content":{"rendered":"<h2>Motionssektionens aktiviteter<\/h2>\n<p>Tors\u00f6 BIF har en rad olika motionsaktiviteter f\u00f6r stora och sm\u00e5. Nedan kan du l\u00e4sa om de aktiviteter som \u00e4r aktuell just nu. Vill du ha mer aktuell information om v\u00e5ra aktiviteter som tid, plats och datum hittar du den i f\u00f6rsta hand p\u00e5 Tors\u00f6 BIFs Facebooksida (synlig f\u00f6r alla \u00e4ven de som inte \u00e4r med i Facebook) eller under <a title=\"Hem\" href=\"http:\/\/tbif.se\/\" target=\"_blank\" rel=\"noopener noreferrer\">HEM <\/a>eller <a title=\"Nyheter\" href=\"http:\/\/tbif.se\/?page_id=375\" target=\"_blank\" rel=\"noopener noreferrer\">Nyheter <\/a>.<\/p>\n<p>Har du id\u00e9er p\u00e5 motionsaktiviteter eller fr\u00e5gor som Tors\u00f6 BIF skulle kunna driva f\u00e5r du g\u00e4rna h\u00f6ra av dig till info@tbif.se eller via v\u00e5r facebooksida.<\/p>\n<h2>Motionsgympa<\/h2>\n<p>Tors\u00f6 BIF:s motionsgympa i Sk\u00e4rg\u00e5rdsskolans idrottshall. Motionsgympan kan j\u00e4mf\u00f6ras med Friskis &amp; Svettis medelpass. Vi tr\u00e4nar b\u00e5de puls, styrka och smidighet till musik med Lise Andersen som ledare. V\u00e5r ledare \u00e4r duktig p\u00e5 att instruera i hur man kan g\u00f6ra \u00f6vningarna b\u00e5de l\u00e4ttare och tyngre \u2013 allt f\u00f6r att s\u00e5 m\u00e5nga som m\u00f6jligt ska kunna vara med!<\/p>\n<h2>H\u00f6gintensivtr\u00e4ning, Tabata<\/h2>\n<p>Tors\u00f6 BIF:s Tabatatr\u00e4ning \u00e4r m\u00e5ndagar kl 18:30 &#8211; 19:00, onsdagar 18:00 &#8211; 18:30 och fredagar kl 16:30 &#8211; 17:00 \u00a0i Sk\u00e4rg\u00e5rdsskolans idrottshall. Tabatatr\u00e4ning \u00e4r en typ av intervalltr\u00e4ning under 30 minuter. Alla \u00f6vningar genomf\u00f6rs utifr\u00e5n din f\u00f6rm\u00e5ga. Passet inleds med en kort uppv\u00e4rmning och avslutas med en kort nedvarvning. \u00d6vningarna varierar fr\u00e5n g\u00e5ng till g\u00e5ng och \u00e4r b\u00e5de av styrke- och pulskarakt\u00e4r.\u00a0Passet genomf\u00f6rs till musik med Lise Andersen eller Maria Nilsson som ledare.<\/p>\n<h2>Tipspromenad, v\u00e5r &amp; h\u00f6st<\/h2>\n<p>Tipspromenaden genomf\u00f6r 6 s\u00f6ndagar under h\u00f6st respektive v\u00e5r. Du startar vid Sk\u00e4rg\u00e5rdsskolan mellan kl 9:30 &#8211; 11:00. Promenerar 2,5 km och svarar p\u00e5 12 vuxen- eller barnfr\u00e5gor. Om du vill kan du \u00e4ven delta i Tipsbingon och k\u00f6pa lotter. Promenadv\u00e4gen \u00e4r hjulv\u00e4nlig d v s\u00a0barnvagnar, rullatorer, cyklar, kickboards och rullstol g\u00e5r att framf\u00f6ras.<\/p>\n<h2><span style=\"text-decoration: underline;\">Motionssektionen<\/span><\/h2>\n<p>Ann Lindegren, Maria Nilsson, Maria Engqvist och Pontus Jannebring.<\/p>\n","protected":false},"excerpt":{"rendered":"<p>Motionssektionens aktiviteter Tors\u00f6 BIF har en rad olika motionsaktiviteter f\u00f6r stora och sm\u00e5. Nedan kan du l\u00e4sa om de aktiviteter som \u00e4r aktuell just nu. Vill du ha mer aktuell information om v\u00e5ra aktiviteter som tid, plats och datum hittar &hellip; <a href=\"https:\/\/hemsida.tbif.se\/?page_id=755\">Forts\u00e4tt l\u00e4sa <span class=\"meta-nav\">&rarr;<\/span><\/a><\/p>\n","protected":false},"author":1,"featured_media":0,"parent":657,"menu_order":1,"comment_status":"closed","ping_status":"closed","template":"","meta":{"footnotes":""},"_links":{"self":[{"href":"https:\/\/hemsida.tbif.se\/index.php?rest_route=\/wp\/v2\/pages\/755"}],"collection":[{"href":"https:\/\/hemsida.tbif.se\/index.php?rest_route=\/wp\/v2\/pages"}],"about":[{"href":"https:\/\/hemsida.tbif.se\/index.php?rest_route=\/wp\/v2\/types\/page"}],"author":[{"embeddable":true,"href":"https:\/\/hemsida.tbif.se\/index.php?rest_route=\/wp\/v2\/users\/1"}],"replies":[{"embeddable":true,"href":"https:\/\/hemsida.tbif.se\/index.php?rest_route=%2Fwp%2Fv2%2Fcomments&post=755"}],"version-history":[{"count":14,"href":"https:\/\/hemsida.tbif.se\/index.php?rest_route=\/wp\/v2\/pages\/755\/revisions"}],"predecessor-version":[{"id":3011,"href":"https:\/\/hemsida.tbif.se\/index.php?rest_route=\/wp\/v2\/pages\/755\/revisions\/3011"}],"up":[{"embeddable":true,"href":"https:\/\/hemsida.tbif.se\/index.php?rest_route=\/wp\/v2\/pages\/657"}],"wp:attachment":[{"href":"https:\/\/hemsida.tbif.se\/index.php?rest_route=%2Fwp%2Fv2%2Fmedia&parent=755"}],"curies":[{"name":"wp","href":"https:\/\/api.w.org\/{rel}","templated":true}]}}