{"id":757,"date":"2013-10-22T20:58:08","date_gmt":"2013-10-22T18:58:08","guid":{"rendered":"http:\/\/tbif.se\/?page_id=757"},"modified":"2025-11-17T17:31:08","modified_gmt":"2025-11-17T16:31:08","slug":"fest-kultur","status":"publish","type":"page","link":"https:\/\/hemsida.tbif.se\/?page_id=757","title":{"rendered":"Fest &#038; Kultur"},"content":{"rendered":"\r\n<figure><\/figure>\r\n<h1 style=\"text-align: center;\">Under fliken &#8221;<a href=\"https:\/\/tbif.se\/?page_id=1953\">kommande evenemang<\/a>&#8221; ser ni vad vi har p\u00e5 g\u00e5ng!<\/h1>\r\n<hr \/>\r\n<h1 style=\"text-align: left;\">Sektionen fest och kultur<\/h1>\r\n<p>&nbsp;<\/p>\r\n<p>Den 25 Oktober hade vi en mycket lyckad Oktoberfest i Tors\u00f6 bygdeg\u00e5rd. Vi var inte j\u00e4ttem\u00e5nga anm\u00e4lda men vi som var d\u00e4r hade en riktig toppenkv\u00e4ll.<\/p>\r\n<p><img fetchpriority=\"high\" decoding=\"async\" class=\"alignnone size-large wp-image-3640\" src=\"http:\/\/media.tbif.se\/2025\/09\/flyersoktoberfest-1-1024x725.png\" alt=\"\" width=\"640\" height=\"453\" \/><\/p>\r\n<p>Den 21 September g\u00e4stades vi av Clas Svahn, som h\u00f6ll ett riktigt intresant f\u00f6redrag om oidentifierade f\u00f6rem\u00e5l mm. Salen var fullsatt av publik som lyssnade intreserat.<\/p>\r\n<p><img decoding=\"async\" class=\"alignnone size-full wp-image-3635\" src=\"http:\/\/media.tbif.se\/2025\/08\/berattarcafe-sep-e1755722178302.jpg\" alt=\"\" width=\"433\" height=\"600\" \/><\/p>\r\n<p>Fest och Kultur sektionen \u00e4r en aktiv sektion som fixar massa h\u00e4rliga aktiviter i bygdeg\u00e5rden.<\/p>\r\n<p>H\u00e5ll utkik efter kommande evenemang!<\/p>\r\n<h3>Fest och Kultur<\/h3>\r\n<p style=\"text-align: center;\"><img decoding=\"async\" class=\"wp-image-3429 aligncenter\" src=\"http:\/\/media.tbif.se\/2024\/05\/madde.jpg\" alt=\"\" width=\"274\" height=\"320\" \/><em>Motorn i g\u00e4nget:<\/em> Madde Ramberg<\/p>\r\n<blockquote>\r\n<p><img loading=\"lazy\" decoding=\"async\" class=\"alignnone  wp-image-3397\" src=\"http:\/\/media.tbif.se\/2024\/05\/festokulturganget2024-1024x1015.jpg\" alt=\"\" width=\"313\" height=\"310\" \/>\u00a0 \u00a0 \u00a0 \u00a0 \u00a0 \u00a0 \u00a0<\/p>\r\n<\/blockquote>\r\n<p><em>Fr\u00e5n v\u00e4nster:<\/em> S\u00f6ren Jonsson, Maria Engqvist,\u00a0 Lotta Alsing, Ramona Griffiths,<\/p>\r\n<p><em>Sittande:<\/em> Bengt \u00d6ljer\u00e5s\u00a0 \u00a0 \u00a0 \u00a0 \u00a0 \u00a0\u00a0<\/p>\r\n<p><em>Saknas p\u00e5 bilden:<\/em> B\u00f6rje Johansson, Pia Lundberg<\/p>\r\n<p>&nbsp;<\/p>\r\n<p>Evenemang som vi ordnat tidigare i \u00e5r:<\/p>\r\n<figure><a href=\"http:\/\/media.tbif.se\/2023\/03\/image.png\"><img loading=\"lazy\" decoding=\"async\" src=\"http:\/\/media.tbif.se\/2023\/03\/image.png\" alt=\"\" width=\"322\" height=\"407\" \/><\/a><\/figure>\r\n\r\n\r\n\r\n<p><strong>Ber\u00e4ttarcaf\u00e9 29 Januari och 21 Februari<\/strong><br \/>Ett stort stort tack till Lars-G\u00f6ran Nilsson som kom och ber\u00e4ttade f\u00f6r oss om<br \/>V\u00e4nerskutorna!<br \/>Mycket intressant att h\u00f6ra historierna om b\u00e5tarna och livet kring dessa.<br \/>Man kunde genom Lars-G\u00f6rans ber\u00e4ttande verkligen f\u00f6rst\u00e5 hur livet varit<br \/>ombord och kring dessa.<br \/>Tack alla som kom och lyssnade!<\/p>\r\n\r\n\r\n<hr \/>\r\n\r\n\r\n<p>Vilken rolig kv\u00e4ll det blev i Tors\u00f6 Bygdeg\u00e5rd i L\u00f6rdags kv\u00e4ll!<\/p>\r\n\r\n\r\n\r\n<p>Stefan Jonsson och Mikael Westman bj\u00f6d p\u00e5 ett fantastiskt quiz och efter det m\u00e5nga goa l\u00e5tar som publiken kunde b\u00e5de rocka loss till, sjunga med i och n\u00e5gra lugna fina favoriter. Mikael \u00a0och Stefan bj\u00f6d p\u00e5 sig sj\u00e4lva genom \u00a0s\u00e5ng,\u00a0 gitarr spel men \u00e4ven med ett underbart mellansnack! Publiken fick m\u00e5nga goa skratt! Tack alla som kom och TACK Stefan och Mikael, men \u00e4ven ett stort tack till Er alla i Fest och Kultur som ordnat denna kv\u00e4ll!\u00a0<\/p>\r\n\r\n\r\n\r\n<p>Tack alla!<\/p>\r\n\r\n\r\n\r\n<p>Vid pennan Madde Fest Och Kultur<\/p>\r\n\r\n\r\n\r\n\r\n\r\n<figure class=\"wp-block-gallery-1 is-layout-flex wp-block-gallery-is-layout-flex is-layout-flow wp-block-group-is-layout-flow\">\r\n<figure><a href=\"http:\/\/media.tbif.se\/2022\/11\/Musik-scaled.jpg\"><img loading=\"lazy\" decoding=\"async\" class=\"\" src=\"http:\/\/media.tbif.se\/2022\/11\/Musik-1024x768.jpg\" alt=\"\" width=\"500\" height=\"375\" \/><\/a><\/figure>\r\n<\/figure>\r\n\r\n\r\n\r\n\r\n\r\n<figure class=\"wp-block-gallery-2 is-layout-flex wp-block-gallery-is-layout-flex is-layout-flow wp-block-group-is-layout-flow\">\r\n<figure><a href=\"http:\/\/media.tbif.se\/2022\/11\/Gaster.jpg\"><img loading=\"lazy\" decoding=\"async\" class=\"\" src=\"http:\/\/media.tbif.se\/2022\/11\/Gaster-1003x1024.jpg\" alt=\"\" width=\"483\" height=\"493\" \/><\/a><\/figure>\r\n\r\n\r\n\r\n<figure><a href=\"http:\/\/media.tbif.se\/2022\/11\/Crew-1-scaled.jpg\"><img loading=\"lazy\" decoding=\"async\" class=\"\" src=\"http:\/\/media.tbif.se\/2022\/11\/Crew-1-768x1024.jpg\" alt=\"\" width=\"490\" height=\"653\" \/><\/a><\/figure>\r\n<\/figure>\r\n\r\n\r\n\r\n<figure class=\"wp-block-gallery-3 is-layout-flex wp-block-gallery-is-layout-flex\">\r\n<figure><a href=\"http:\/\/media.tbif.se\/2022\/11\/Dukning-scaled.jpg\"><img loading=\"lazy\" decoding=\"async\" class=\"\" src=\"http:\/\/media.tbif.se\/2022\/11\/Dukning-1024x768.jpg\" alt=\"\" width=\"495\" height=\"371\" \/><\/a><\/figure>\r\n\r\n\r\n\r\n<figure><a href=\"http:\/\/media.tbif.se\/2022\/11\/Mat-1-scaled.jpg\"><img loading=\"lazy\" decoding=\"async\" class=\"\" src=\"http:\/\/media.tbif.se\/2022\/11\/Mat-1-768x1024.jpg\" alt=\"\" width=\"492\" height=\"656\" \/><\/a><\/figure>\r\n\r\n\r\n\r\n<figure><a href=\"http:\/\/media.tbif.se\/2022\/11\/Bar-1-scaled.jpg\"><img loading=\"lazy\" decoding=\"async\" class=\"\" src=\"http:\/\/media.tbif.se\/2022\/11\/Bar-1-768x1024.jpg\" alt=\"\" width=\"491\" height=\"655\" \/><\/a><\/figure>\r\n<\/figure>\r\n\r\n\r\n<hr \/>\r\n\r\n\r\n<figure><video src=\"http:\/\/media.tbif.se\/2022\/11\/20221029_232229.mp4\" controls=\"controls\" width=\"300\" height=\"150\"><\/video><\/figure>\r\n\r\n<p>&nbsp;<\/p>\r\n\r\n\r\n<hr \/>\r\n\r\n\r\n<p>Ber\u00e4ttarkaf\u00e9 med musik s\u00f6ndagen 13 mars<\/p>\r\n\r\n\r\n\r\n<p>\u00c4nnu en g\u00e5ng samlades Tors\u00f6 och Mariestadsbor i Tors\u00f6 Bygdeg\u00e5rd, f\u00f6r att denna g\u00e5ng lyssna p\u00e5 Lars \u00c5lstam (ber\u00e4ttardelen) och Stina och Melvin (musikdelen).<\/p>\r\n\r\n\r\n\r\n<p>Lars visade bilder och ber\u00e4ttade om sitt intresse, som det m\u00e4rktes mycket v\u00e4l att han brinner f\u00f6r.\u00a0 N\u00e4mligen l\u00e5ngf\u00e4rdskridskor!!<\/p>\r\n\r\n\r\n\r\n<figure><a href=\"http:\/\/media.tbif.se\/2022\/03\/Berattarcafe-bild-1--scaled.jpg\"><img loading=\"lazy\" decoding=\"async\" src=\"http:\/\/media.tbif.se\/2022\/03\/Berattarcafe-bild-1--1024x768.jpg\" alt=\"\" width=\"335\" height=\"251\" \/><\/a><\/figure>\r\n\r\n\r\n\r\n<p>F\u00f6rel\u00e4sningen hette &#8221;H\u00e5ller det f\u00f6r handsken, s\u00e5 h\u00e5ller det nog f\u00f6r mig\u201d, ett gammalt men lite \u00e4ndrat ordspr\u00e5k som de gamla fiskarna p\u00e5 Tors\u00f6 anv\u00e4nde sig av f\u00f6rr.<\/p>\r\n\r\n\r\n\r\n<p>Vi fick h\u00f6r hur intresset b\u00f6rjade och m\u00e5nga av \u00e4ventyren Lars med v\u00e4nner varit ute p\u00e5, som t.ex turerna till Djur\u00f6. Men \u00e4ven vad man har f\u00f6r utrustning och vad man ska t\u00e4nka p\u00e5.<\/p>\r\n\r\n\r\n\r\n<p>Vackra bilder som visades p\u00e5 storbild och intressant f\u00f6redrag.<\/p>\r\n\r\n\r\n\r\n<figure><a href=\"http:\/\/media.tbif.se\/2022\/03\/Berattarcafe-bild-2-scaled.jpg\"><img loading=\"lazy\" decoding=\"async\" src=\"http:\/\/media.tbif.se\/2022\/03\/Berattarcafe-bild-2-1024x768.jpg\" alt=\"\" width=\"388\" height=\"291\" \/><\/a><\/figure>\r\n\r\n\r\n\r\n<p>N\u00e4r vi sedan njutit av en god lyxig r\u00e4ksm\u00f6rg\u00e5s, var det tid f\u00f6r Stina och Melvin att inta scen..<\/p>\r\n\r\n\r\n\r\n<p>Med Stinas underbara r\u00f6st och Melvins mjuka och professionella gitarrspel, kunde publiken bara sitta \u00e5 njuta och slappna av!<\/p>\r\n\r\n\r\n\r\n<figure><a href=\"http:\/\/media.tbif.se\/2022\/03\/Berattarcafe-bild3-scaled.jpg\"><img loading=\"lazy\" decoding=\"async\" src=\"http:\/\/media.tbif.se\/2022\/03\/Berattarcafe-bild3-1024x768.jpg\" alt=\"\" width=\"443\" height=\"332\" \/><\/a><\/figure>\r\n\r\n\r\n\r\n<p>Vi fick h\u00f6ra l\u00e5tar som Hymn av Simon Swahnstr\u00f6m, Valborg av H\u00e5kan Hellstr\u00f6m m.fl.<\/p>\r\n\r\n\r\n\r\n<p>Vi i TIBF`s Fest och Kultursektion tackar alla som medverkade till denna fina och trevliga eftermiddag!!<\/p>\r\n\r\n\r\n\r\n<p>Vid pennan Madde Ramberg<\/p>\r\n\r\n\r\n<hr \/>\r\n<blockquote>\r\n<p>&nbsp;<\/p>\r\n<\/blockquote>\r\n\r\n\r\n<blockquote class=\"is-layout-flow wp-block-quote-is-layout-flow\"><!-- wp:paragraph -->\r\n<p>&nbsp;<\/p>\r\n<\/blockquote>","protected":false},"excerpt":{"rendered":"<p>Ber\u00e4ttarcaf\u00e9 29 Januari och 21 FebruariEtt stort stort tack till Lars-G\u00f6ran Nilsson som kom och ber\u00e4ttade f\u00f6r oss omV\u00e4nerskutorna!Mycket intressant att h\u00f6ra historierna om b\u00e5tarna och livet kring dessa.Man kunde genom Lars-G\u00f6rans ber\u00e4ttande verkligen f\u00f6rst\u00e5 hur livet varitombord och kring &hellip; <a href=\"https:\/\/hemsida.tbif.se\/?page_id=757\">Forts\u00e4tt l\u00e4sa <span class=\"meta-nav\">&rarr;<\/span><\/a><\/p>\n","protected":false},"author":1,"featured_media":0,"parent":657,"menu_order":20,"comment_status":"closed","ping_status":"open","template":"","meta":{"footnotes":""},"_links":{"self":[{"href":"https:\/\/hemsida.tbif.se\/index.php?rest_route=\/wp\/v2\/pages\/757"}],"collection":[{"href":"https:\/\/hemsida.tbif.se\/index.php?rest_route=\/wp\/v2\/pages"}],"about":[{"href":"https:\/\/hemsida.tbif.se\/index.php?rest_route=\/wp\/v2\/types\/page"}],"author":[{"embeddable":true,"href":"https:\/\/hemsida.tbif.se\/index.php?rest_route=\/wp\/v2\/users\/1"}],"replies":[{"embeddable":true,"href":"https:\/\/hemsida.tbif.se\/index.php?rest_route=%2Fwp%2Fv2%2Fcomments&post=757"}],"version-history":[{"count":51,"href":"https:\/\/hemsida.tbif.se\/index.php?rest_route=\/wp\/v2\/pages\/757\/revisions"}],"predecessor-version":[{"id":3150,"href":"https:\/\/hemsida.tbif.se\/index.php?rest_route=\/wp\/v2\/pages\/757\/revisions\/3150"}],"up":[{"embeddable":true,"href":"https:\/\/hemsida.tbif.se\/index.php?rest_route=\/wp\/v2\/pages\/657"}],"wp:attachment":[{"href":"https:\/\/hemsida.tbif.se\/index.php?rest_route=%2Fwp%2Fv2%2Fmedia&parent=757"}],"curies":[{"name":"wp","href":"https:\/\/api.w.org\/{rel}","templated":true}]}}