{"id":759,"date":"2013-10-22T20:59:28","date_gmt":"2013-10-22T18:59:28","guid":{"rendered":"http:\/\/tbif.se\/?page_id=759"},"modified":"2023-10-04T19:40:06","modified_gmt":"2023-10-04T17:40:06","slug":"barn-ungdom","status":"publish","type":"page","link":"https:\/\/hemsida.tbif.se\/?page_id=759","title":{"rendered":"Barn &#038; Ungdom"},"content":{"rendered":"<h2><span style=\"color: #0000ff;\"><span style=\"color: #000000;\">Barn &amp; Ungdomssektionen<\/span><\/span><\/h2>\n<h2>Barngymnastik<\/h2>\n<p>F\u00f6r barn f\u00f6dda 2018-2020. Vi h\u00e5ller till i Sk\u00e4rg\u00e5rdsskolans gymnastiksal under v\u00e5r och h\u00f6st m\u00e5ndagar 17.00-17.45 d\u00e4r de f\u00e5r anv\u00e4nda olika redskap, r\u00f6ra sig till musik och leka lekar. Ledare \u00e4r Terese Wictorin, Malin Jonsson och Frida Levenby.<\/p>\n<p>Kostnad 150kr\/familj och termin + medlemskap.<\/p>\n<h2>Idrottslek\/Aktiva barn<\/h2>\n<p>Tillsammans med barnen provar man p\u00e5 olika aktiviteter\/sporter allt ifr\u00e5n innebandy till gymnastik. Vi h\u00e5ller till i Sk\u00e4rg\u00e5rdsskolans gymnastiksal Tisdagar 17.00-18.00. F\u00f6r barn f\u00f6dda 2014-2017. Ledare Lukas Erlandsson, Ludvig Erlandsson, Kristoffer Thorold och Johan Frode. Under sen v\u00e5r och tidig h\u00f6st kan aktiviteterna \u00e4ven vara utomhus. Vintern kan dessutom erbjuda aktiviteter som skridskor m.m.<\/p>\n<h2>Fotbollsskola<\/h2>\n<p>Mycket lek med boll men \u00e4ven lite teknik och en hel del spel. Ledare \u00e4r Kristoffer Thorold, Mattias Gustavsson och Maria Jonsson.\u00a0<\/p>\n<h2>Fredagstr\u00e4ffar<\/h2>\n<p>N\u00e5gra fredagstr\u00e4ffar, p\u00e5 v\u00e5r respektive h\u00f6st. Tr\u00e4ffarna kommer att ha olika sorters aktiviteter\/tema b\u00e5de inne och ute. Vid planering av aktiviteterna kommer vi att s\u00e5 l\u00e5ngt som m\u00f6jligt utg\u00e5 fr\u00e5n barnens egna \u00f6nskem\u00e5l. Kommande \u00e4r Halloweendisco och \u00f6vernattning.<\/p>\n<h3><span style=\"text-decoration: underline;\">Barn och ungdomssektionen<\/span><\/h3>\n<p>Jennifer Gustafsson, Therese Johansson, Mikaela Hovbrink, Lolita Perez Gustafsson, Pernilla Andersson, Jessica Granqvist, Rebecca Bengtsson, Therese Victorin, Maria Jonsson, Malin Fernstr\u00f6m och Lukas Erlandsson.<\/p>\n<h3 style=\"text-align: center;\">\u00a0<\/h3>\n\n\n<p><\/p>\n","protected":false},"excerpt":{"rendered":"<p>Barn &amp; Ungdomssektionen Barngymnastik F\u00f6r barn f\u00f6dda 2018-2020. Vi h\u00e5ller till i Sk\u00e4rg\u00e5rdsskolans gymnastiksal under v\u00e5r och h\u00f6st m\u00e5ndagar 17.00-17.45 d\u00e4r de f\u00e5r anv\u00e4nda olika redskap, r\u00f6ra sig till musik och leka lekar. Ledare \u00e4r Terese Wictorin, Malin Jonsson och &hellip; <a href=\"https:\/\/hemsida.tbif.se\/?page_id=759\">Forts\u00e4tt l\u00e4sa <span class=\"meta-nav\">&rarr;<\/span><\/a><\/p>\n","protected":false},"author":1,"featured_media":0,"parent":657,"menu_order":30,"comment_status":"closed","ping_status":"open","template":"","meta":{"footnotes":""},"_links":{"self":[{"href":"https:\/\/hemsida.tbif.se\/index.php?rest_route=\/wp\/v2\/pages\/759"}],"collection":[{"href":"https:\/\/hemsida.tbif.se\/index.php?rest_route=\/wp\/v2\/pages"}],"about":[{"href":"https:\/\/hemsida.tbif.se\/index.php?rest_route=\/wp\/v2\/types\/page"}],"author":[{"embeddable":true,"href":"https:\/\/hemsida.tbif.se\/index.php?rest_route=\/wp\/v2\/users\/1"}],"replies":[{"embeddable":true,"href":"https:\/\/hemsida.tbif.se\/index.php?rest_route=%2Fwp%2Fv2%2Fcomments&post=759"}],"version-history":[{"count":16,"href":"https:\/\/hemsida.tbif.se\/index.php?rest_route=\/wp\/v2\/pages\/759\/revisions"}],"predecessor-version":[{"id":2962,"href":"https:\/\/hemsida.tbif.se\/index.php?rest_route=\/wp\/v2\/pages\/759\/revisions\/2962"}],"up":[{"embeddable":true,"href":"https:\/\/hemsida.tbif.se\/index.php?rest_route=\/wp\/v2\/pages\/657"}],"wp:attachment":[{"href":"https:\/\/hemsida.tbif.se\/index.php?rest_route=%2Fwp%2Fv2%2Fmedia&parent=759"}],"curies":[{"name":"wp","href":"https:\/\/api.w.org\/{rel}","templated":true}]}}