{"id":863,"date":"2014-02-25T21:54:30","date_gmt":"2014-02-25T20:54:30","guid":{"rendered":"http:\/\/tbif.se\/?page_id=863"},"modified":"2020-05-05T20:28:13","modified_gmt":"2020-05-05T18:28:13","slug":"kontakt","status":"publish","type":"page","link":"https:\/\/hemsida.tbif.se\/?page_id=863","title":{"rendered":"Kontakt"},"content":{"rendered":"<p>F\u00f6r att komma i kontakt med f\u00f6reningen finns f\u00f6ljande alternativ:<\/p>\n<p><strong>E-post<br \/>\n<\/strong><a href=\"mailto:info@tbif.se\">info@tbif.se<\/a><\/p>\n<p><strong>Telefonnummer\/sms<\/strong><br \/>\nBokning m.m 070-9277700<\/p>\n<p><strong>Facebook-<\/strong> Tors\u00f6 Bygdeg\u00e5rd och idrottsf\u00f6rening<\/p>\n","protected":false},"excerpt":{"rendered":"<p>F\u00f6r att komma i kontakt med f\u00f6reningen finns f\u00f6ljande alternativ: E-post info@tbif.se Telefonnummer\/sms Bokning m.m 070-9277700 Facebook- Tors\u00f6 Bygdeg\u00e5rd och idrottsf\u00f6rening<\/p>\n","protected":false},"author":1,"featured_media":0,"parent":0,"menu_order":120,"comment_status":"closed","ping_status":"open","template":"","meta":{"footnotes":""},"_links":{"self":[{"href":"https:\/\/hemsida.tbif.se\/index.php?rest_route=\/wp\/v2\/pages\/863"}],"collection":[{"href":"https:\/\/hemsida.tbif.se\/index.php?rest_route=\/wp\/v2\/pages"}],"about":[{"href":"https:\/\/hemsida.tbif.se\/index.php?rest_route=\/wp\/v2\/types\/page"}],"author":[{"embeddable":true,"href":"https:\/\/hemsida.tbif.se\/index.php?rest_route=\/wp\/v2\/users\/1"}],"replies":[{"embeddable":true,"href":"https:\/\/hemsida.tbif.se\/index.php?rest_route=%2Fwp%2Fv2%2Fcomments&post=863"}],"version-history":[{"count":15,"href":"https:\/\/hemsida.tbif.se\/index.php?rest_route=\/wp\/v2\/pages\/863\/revisions"}],"predecessor-version":[{"id":1839,"href":"https:\/\/hemsida.tbif.se\/index.php?rest_route=\/wp\/v2\/pages\/863\/revisions\/1839"}],"wp:attachment":[{"href":"https:\/\/hemsida.tbif.se\/index.php?rest_route=%2Fwp%2Fv2%2Fmedia&parent=863"}],"curies":[{"name":"wp","href":"https:\/\/api.w.org\/{rel}","templated":true}]}}